{"id":128064,"date":"2020-03-03T14:24:20","date_gmt":"2020-03-03T13:24:20","guid":{"rendered":"https:\/\/ccbierzo.com\/sala-de-prensa\/identidade-corporativa\/"},"modified":"2020-03-05T13:12:46","modified_gmt":"2020-03-05T12:12:46","slug":"identidade-corporativa","status":"publish","type":"page","link":"https:\/\/ccbierzo.com\/gl\/sala-de-prensa\/identidade-corporativa\/","title":{"rendered":"Identidade Corporativa"},"content":{"rendered":"<p>[et_pb_section fb_built=&#8221;1&#8243; custom_padding_last_edited=&#8221;on|desktop&#8221; _builder_version=&#8221;3.22&#8243; background_color=&#8221;#e02b20&#8243; parallax=&#8221;on&#8221; custom_margin=&#8221;0px|0px|0px|0px&#8221; custom_padding=&#8221;100px|0px|100px|0px|false|false&#8221; custom_padding_tablet=&#8221;||70px|&#8221; custom_padding_phone=&#8221;100px||40px|&#8221; top_divider_style=&#8221;wave2&#8243; top_divider_color=&#8221;#ffffff&#8221; top_divider_flip=&#8221;vertical&#8221; top_divider_height_tablet=&#8221;60px&#8221; top_divider_height_phone=&#8221;40px&#8221; top_divider_height_last_edited=&#8221;on|desktop&#8221; bottom_divider_style=&#8221;wave2&#8243; bottom_divider_color=&#8221;#ffffff&#8221; bottom_divider_arrangement=&#8221;above_content&#8221; bottom_divider_height_tablet=&#8221;60px&#8221; bottom_divider_height_phone=&#8221;30px&#8221; bottom_divider_height_last_edited=&#8221;on|phone&#8221; box_shadow_style=&#8221;preset3&#8243; box_shadow_vertical=&#8221;80px&#8221; box_shadow_blur=&#8221;80px&#8221; box_shadow_spread=&#8221;9px&#8221; box_shadow_position=&#8221;inner&#8221; saved_tabs=&#8221;all&#8221;][et_pb_row make_equal=&#8221;on&#8221; _builder_version=&#8221;3.25&#8243; max_width=&#8221;80%&#8221; use_custom_width=&#8221;on&#8221; width_unit=&#8221;off&#8221;][et_pb_column type=&#8221;4_4&#8243; _builder_version=&#8221;3.25&#8243; custom_padding=&#8221;|||&#8221; custom_padding__hover=&#8221;|||&#8221;][et_pb_text admin_label=&#8221;Marcas del Consejo&#8221; _builder_version=&#8221;3.27.4&#8243; text_font=&#8221;Open Sans|300||on|||||&#8221; text_text_color=&#8221;#ffffff&#8221; text_font_size=&#8221;36px&#8221; text_letter_spacing=&#8221;14px&#8221; header_font=&#8221;|||on|||||&#8221; header_text_align=&#8221;center&#8221; header_font_size=&#8221;35px&#8221; header_letter_spacing=&#8221;10px&#8221; header_line_height=&#8221;1.5em&#8221; text_orientation=&#8221;center&#8221; background_layout=&#8221;dark&#8221; text_font_size_tablet=&#8221;30px&#8221; text_font_size_phone=&#8221;24px&#8221; text_font_size_last_edited=&#8221;on|phone&#8221; text_letter_spacing_tablet=&#8221;&#8221; text_letter_spacing_phone=&#8221;&#8221; text_letter_spacing_last_edited=&#8221;on|desktop&#8221; header_font_size_tablet=&#8221;30px&#8221; header_font_size_phone=&#8221;32px&#8221; header_font_size_last_edited=&#8221;on|phone&#8221; header_letter_spacing_tablet=&#8221;&#8221; header_letter_spacing_phone=&#8221;8px&#8221; header_letter_spacing_last_edited=&#8221;on|phone&#8221; header_line_height_tablet=&#8221;&#8221; header_line_height_phone=&#8221;&#8221; header_line_height_last_edited=&#8221;on|phone&#8221;]<\/p>\n<h1>MARCAS DO CONSELLO<\/h1>\n<p>[\/et_pb_text][\/et_pb_column][\/et_pb_row][\/et_pb_section][et_pb_section fb_built=&#8221;1&#8243; _builder_version=&#8221;3.22&#8243; custom_padding=&#8221;100px|0px|120px|0px&#8221; bottom_divider_style=&#8221;wave2&#8243; bottom_divider_color=&#8221;#222222&#8243; bottom_divider_height_tablet=&#8221;60px&#8221; bottom_divider_height_phone=&#8221;40px&#8221; bottom_divider_height_last_edited=&#8221;on|phone&#8221;][et_pb_row _builder_version=&#8221;3.25&#8243; background_size=&#8221;initial&#8221; background_position=&#8221;top_left&#8221; background_repeat=&#8221;repeat&#8221; custom_padding=&#8221;0|0px|50px|0px&#8221; column_structure=&#8221;2_3,1_3&#8243;][et_pb_column type=&#8221;2_3&#8243; _builder_version=&#8221;3.25&#8243; custom_padding=&#8221;|||&#8221; custom_padding__hover=&#8221;|||&#8221;][et_pb_image src=&#8221;https:\/\/ccbierzo.com\/wp-content\/uploads\/2018\/01\/Foto-Portada-Manual-Marca.jpg&#8221; url=&#8221;#open&#8221; align_tablet=&#8221;center&#8221; align_last_edited=&#8221;on|desktop&#8221; module_id=&#8221;overlay_unique_id_116888&#8243; _builder_version=&#8221;3.23&#8243; border_width_all=&#8221;2px&#8221; border_color_all=&#8221;#0ca3c9&#8243; box_shadow_style=&#8221;preset6&#8243; box_shadow_vertical=&#8221;35px&#8221; box_shadow_blur=&#8221;14px&#8221; box_shadow_spread=&#8221;-29px&#8221;]<br \/>\n[\/et_pb_image][\/et_pb_column][et_pb_column type=&#8221;1_3&#8243; _builder_version=&#8221;3.25&#8243; custom_padding=&#8221;|||&#8221; custom_padding__hover=&#8221;|||&#8221;][et_pb_text _builder_version=&#8221;3.27.4&#8243; text_font=&#8221;||||||||&#8221; text_font_size=&#8221;16px&#8221;]<\/p>\n<p>A <strong>marca<\/strong> e a <strong>idea<\/strong> central e aglutinadora que <strong>gu\u00eda<\/strong> e inspira a un grupo. Nace da s\u00faa <strong>visi\u00f3n<\/strong> e dos <strong>valores<\/strong> que a conforman, representado o que son e o que queren ser.<\/p>\n<p>Unha marca \u00e9 sin\u00f3nimo da <strong>reputaci\u00f3n<\/strong> dun grupo, da s\u00faa <strong>estratexia<\/strong> e <strong>actividade<\/strong>. \u00c9 a <strong>suma <\/strong>de todas e cada unha das persoas que a compo\u00f1en, <strong>reflexo <\/strong>da s\u00faa <strong>oferta humana<\/strong> e o veh\u00edculo a trav\u00e9s do que se <strong>expresa <\/strong>e <strong>presenta <\/strong>ante os dem\u00e1is.<\/p>\n<p>Por elo<strong> respetar<\/strong> este manual implica unha <strong>percepci\u00f3n coherente<\/strong> da nosa marca, o mesmo <strong>impacto e presenza visual<\/strong> nos diferentes lugares onde apareza, <strong>co\u00f1ecemento correcto<\/strong> de cal e a nosa filosof\u00eda, e a <strong>esencia do noso car\u00e1cter<\/strong>. <\/strong>Xerar unha <strong>experiencia de marca<\/strong> e un <strong>posicionamento positivos<\/strong> da mesma.<\/p>\n<p>[\/et_pb_text][et_pb_button button_url=&#8221;#open&#8221; button_text=&#8221;Ver Manual de Marca&#8221; admin_label=&#8221;boton_manual&#8221; module_id=&#8221;overlay_unique_id_116888&#8243; _builder_version=&#8221;4.3.4&#8243; custom_button=&#8221;on&#8221; button_icon_color=&#8221;#ffffff&#8221; hover_enabled=&#8221;0&#8243; button_text_color_hover=&#8221;#ffffff&#8221; button_text_size__hover_enabled=&#8221;off&#8221; button_one_text_size__hover_enabled=&#8221;off&#8221; button_two_text_size__hover_enabled=&#8221;off&#8221; button_text_color__hover_enabled=&#8221;on&#8221; button_text_color__hover=&#8221;#ffffff&#8221; button_one_text_color__hover_enabled=&#8221;off&#8221; button_two_text_color__hover_enabled=&#8221;off&#8221; button_border_width__hover_enabled=&#8221;off&#8221; button_one_border_width__hover_enabled=&#8221;off&#8221; button_two_border_width__hover_enabled=&#8221;off&#8221; button_border_color__hover_enabled=&#8221;off&#8221; button_one_border_color__hover_enabled=&#8221;off&#8221; button_two_border_color__hover_enabled=&#8221;off&#8221; button_border_radius__hover_enabled=&#8221;off&#8221; button_one_border_radius__hover_enabled=&#8221;off&#8221; button_two_border_radius__hover_enabled=&#8221;off&#8221; button_letter_spacing__hover_enabled=&#8221;off&#8221; button_one_letter_spacing__hover_enabled=&#8221;off&#8221; button_two_letter_spacing__hover_enabled=&#8221;off&#8221; button_bg_color__hover_enabled=&#8221;off&#8221; button_one_bg_color__hover_enabled=&#8221;off&#8221; button_two_bg_color__hover_enabled=&#8221;off&#8221; disabled_on=&#8221;on|on|on&#8221; disabled=&#8221;on&#8221;]<br \/>\n[\/et_pb_button][et_pb_button button_url=&#8221;https:\/\/ccbierzo.com\/wp-content\/uploads\/2018\/05\/MT-CCBIERZO-Brand-Manual.pdf&#8221; button_text=&#8221;Ver Manual de Marca&#8221; admin_label=&#8221;boton_manual&#8221; _builder_version=&#8221;4.3.4&#8243; custom_button=&#8221;on&#8221; button_icon_color=&#8221;#ffffff&#8221; hover_enabled=&#8221;0&#8243; button_text_color_hover=&#8221;#ffffff&#8221; button_text_size__hover_enabled=&#8221;off&#8221; button_one_text_size__hover_enabled=&#8221;off&#8221; button_two_text_size__hover_enabled=&#8221;off&#8221; button_text_color__hover_enabled=&#8221;on&#8221; button_text_color__hover=&#8221;#ffffff&#8221; button_one_text_color__hover_enabled=&#8221;off&#8221; button_two_text_color__hover_enabled=&#8221;off&#8221; button_border_width__hover_enabled=&#8221;off&#8221; button_one_border_width__hover_enabled=&#8221;off&#8221; button_two_border_width__hover_enabled=&#8221;off&#8221; button_border_color__hover_enabled=&#8221;off&#8221; button_one_border_color__hover_enabled=&#8221;off&#8221; button_two_border_color__hover_enabled=&#8221;off&#8221; button_border_radius__hover_enabled=&#8221;off&#8221; button_one_border_radius__hover_enabled=&#8221;off&#8221; button_two_border_radius__hover_enabled=&#8221;off&#8221; button_letter_spacing__hover_enabled=&#8221;off&#8221; button_one_letter_spacing__hover_enabled=&#8221;off&#8221; button_two_letter_spacing__hover_enabled=&#8221;off&#8221; button_bg_color__hover_enabled=&#8221;off&#8221; button_one_bg_color__hover_enabled=&#8221;off&#8221; button_two_bg_color__hover_enabled=&#8221;off&#8221; url_new_window=&#8221;on&#8221;]<br \/>\n[\/et_pb_button][\/et_pb_column][\/et_pb_row][et_pb_row _builder_version=&#8221;3.25&#8243; column_structure=&#8221;1_3,1_3,1_3&#8243;][et_pb_column type=&#8221;1_3&#8243; _builder_version=&#8221;3.25&#8243; custom_padding=&#8221;|||&#8221; custom_padding__hover=&#8221;|||&#8221;][et_pb_blurb title=&#8221;DESCARGA DE ARQUIVOS&#8221; url=&#8221;https:\/\/ccbierzo.com\/wp-content\/uploads\/2018\/01\/TURISMO-DE-EL-BIERZO.zip&#8221; url_new_window=&#8221;on&#8221; use_icon=&#8221;on&#8221; font_icon=&#8221;%%215%%&#8221; icon_color=&#8221;#e02b20&#8243; _builder_version=&#8221;3.6&#8243; header_font=&#8221;|||on|||||&#8221; header_text_align=&#8221;center&#8221; body_font=&#8221;||||||||&#8221; body_text_align=&#8221;center&#8221; body_text_color=&#8221;#999999&#8243; background_color=&#8221;#ffffff&#8221; text_orientation=&#8221;center&#8221; custom_margin=&#8221;|||&#8221; custom_padding=&#8221;20px|20px|20px|20px&#8221; border_width_all=&#8221;1px&#8221; border_color_all=&#8221;#dddddd&#8221; box_shadow_style=&#8221;preset3&#8243;]<\/p>\n<p><img loading=\"lazy\" decoding=\"async\" class=\"wp-image-116353 alignleft size-full\" src=\"..\/wp-content\/uploads\/2018\/01\/logo-turismo.png\" alt=\"\" width=\"600\" height=\"300\" srcset=\"https:\/\/ccbierzo.com\/wp-content\/uploads\/2018\/01\/logo-turismo.png 600w, https:\/\/ccbierzo.com\/wp-content\/uploads\/2018\/01\/logo-turismo-300x150.png 300w\" sizes=\"(max-width: 600px) 100vw, 600px\" \/><\/p>\n<p style=\"text-align: center;\"><span style=\"color: #4c4c4c;\">Fai click no bot\u00f3n de carpeta (arriba) para descargar todos os arquivos disponibles no formato vector (EPS, PDF, AI) e imaxe (JPG, PNG) en alta resoluci\u00f3n para a correcta reproducci\u00f3n da marca do Padroado de <strong>Turismo de O Bierzo<\/strong>.<\/span><\/p>\n<p>[\/et_pb_blurb][\/et_pb_column][et_pb_column type=&#8221;1_3&#8243; _builder_version=&#8221;3.25&#8243; custom_padding=&#8221;|||&#8221; custom_padding__hover=&#8221;|||&#8221;][et_pb_blurb title=&#8221;DESCARGA DE ARQUIVOS&#8221; url=&#8221;https:\/\/ccbierzo.com\/wp-content\/uploads\/2018\/06\/CCBIERZO.zip&#8221; url_new_window=&#8221;on&#8221; use_icon=&#8221;on&#8221; font_icon=&#8221;%%215%%&#8221; icon_color=&#8221;#e02b20&#8243; _builder_version=&#8221;3.5.1&#8243; header_font=&#8221;|||on|||||&#8221; header_text_align=&#8221;center&#8221; body_font=&#8221;||||||||&#8221; body_text_align=&#8221;center&#8221; body_text_color=&#8221;#999999&#8243; background_color=&#8221;#ffffff&#8221; text_orientation=&#8221;center&#8221; custom_margin=&#8221;|||&#8221; custom_padding=&#8221;20px|20px|20px|20px&#8221; border_width_all=&#8221;1px&#8221; border_color_all=&#8221;#dddddd&#8221; box_shadow_style=&#8221;preset3&#8243;]<\/p>\n<p><img loading=\"lazy\" decoding=\"async\" class=\"wp-image-115476 alignleft size-full\" src=\"..\/wp-content\/uploads\/2018\/01\/ccbierzo_brand_back_whte.png\" alt=\"\" width=\"652\" height=\"312\" srcset=\"https:\/\/ccbierzo.com\/wp-content\/uploads\/2018\/01\/ccbierzo_brand_back_whte.png 652w, https:\/\/ccbierzo.com\/wp-content\/uploads\/2018\/01\/ccbierzo_brand_back_whte-300x144.png 300w\" sizes=\"(max-width: 652px) 100vw, 652px\" \/><\/p>\n<p style=\"text-align: center;\"><span style=\"color: #4c4c4c;\"><br \/>\nFai click no bot\u00f3n de carpeta (arriba) para descargar o manual e todos os arquivos dispo\u00f1ibles en formato vector (EPS, PDF, AI) e imaxe (JPG, PNG) en alta resoluci\u00f3n para a correcta reproducci\u00f3n de o <strong>Consello Comarcal de O Bierzo<\/strong>.<\/span><\/p>\n<p>[\/et_pb_blurb][\/et_pb_column][et_pb_column type=&#8221;1_3&#8243; _builder_version=&#8221;3.25&#8243; custom_padding=&#8221;|||&#8221; custom_padding__hover=&#8221;|||&#8221;][et_pb_blurb title=&#8221;DESCARGA DE ARQUIVOS&#8221; url=&#8221;https:\/\/ccbierzo.com\/wp-content\/uploads\/2018\/01\/BANCO-DE-TIERRAS.zip&#8221; url_new_window=&#8221;on&#8221; use_icon=&#8221;on&#8221; font_icon=&#8221;%%215%%&#8221; icon_color=&#8221;#e02b20&#8243; _builder_version=&#8221;3.6&#8243; header_font=&#8221;||||||||&#8221; header_text_align=&#8221;center&#8221; header_text_color=&#8221;#000000&#8243; body_font=&#8221;||||||||&#8221; body_text_align=&#8221;center&#8221; body_text_color=&#8221;#999999&#8243; background_color=&#8221;#ffffff&#8221; text_orientation=&#8221;center&#8221; custom_margin=&#8221;|||&#8221; custom_padding=&#8221;20px|20px|20px|20px&#8221; border_width_all=&#8221;1px&#8221; border_color_all=&#8221;#dddddd&#8221; box_shadow_style=&#8221;preset3&#8243;]<\/p>\n<p><img loading=\"lazy\" decoding=\"async\" class=\"wp-image-116351 alignleft size-full\" style=\"display: block; margin-left: auto; margin-right: auto;\" src=\"..\/wp-content\/uploads\/2018\/01\/logo-banco-de-tierras.png\" alt=\"\" width=\"600\" height=\"300\" srcset=\"https:\/\/ccbierzo.com\/wp-content\/uploads\/2018\/01\/logo-banco-de-tierras.png 600w, https:\/\/ccbierzo.com\/wp-content\/uploads\/2018\/01\/logo-banco-de-tierras-300x150.png 300w\" sizes=\"(max-width: 600px) 100vw, 600px\" \/><\/p>\n<p style=\"text-align: center;\"><span style=\"color: #4c4c4c;\">Fai click no bot\u00f3n de carpeta (arriba) para descargar o manual e todos os arquivos dispo\u00f1ibles en formato vector (EPS, PDF, AI) e imaxe (JPG, PNG) en alta resoluci\u00f3n para a correcta reproducci\u00f3n de <strong>Banco de Terras de O Bierzo<\/strong>.<\/span><\/p>\n<p>[\/et_pb_blurb][\/et_pb_column][\/et_pb_row][\/et_pb_section]<\/p>\n","protected":false},"excerpt":{"rendered":"<p>MARCAS DO CONSELLO A marca e a idea central e aglutinadora que gu\u00eda e inspira a un grupo. Nace da s\u00faa visi\u00f3n e dos valores que a conforman, representado o que son e o que queren ser. Unha marca \u00e9 sin\u00f3nimo da reputaci\u00f3n dun grupo, da s\u00faa estratexia e actividade. \u00c9 a suma de todas [&hellip;]<\/p>\n","protected":false},"author":1,"featured_media":0,"parent":127933,"menu_order":0,"comment_status":"closed","ping_status":"closed","template":"","meta":{"_et_pb_use_builder":"on","_et_pb_old_content":"","_et_gb_content_width":"","footnotes":""},"class_list":["post-128064","page","type-page","status-publish","hentry"],"yoast_head":"<!-- This site is optimized with the Yoast SEO plugin v27.1.1 - https:\/\/yoast.com\/product\/yoast-seo-wordpress\/ -->\n<title>Identidade Corporativa - Consejo Comarcal del Bierzo<\/title>\n<meta name=\"robots\" content=\"index, follow, max-snippet:-1, max-image-preview:large, max-video-preview:-1\" \/>\n<link rel=\"canonical\" href=\"https:\/\/ccbierzo.com\/gl\/sala-de-prensa\/identidade-corporativa\/\" \/>\n<meta property=\"og:locale\" content=\"gl_ES\" \/>\n<meta property=\"og:type\" content=\"article\" \/>\n<meta property=\"og:title\" content=\"Identidade Corporativa - Consejo Comarcal del Bierzo\" \/>\n<meta property=\"og:description\" content=\"MARCAS DO CONSELLO A marca e a idea central e aglutinadora que gu\u00eda e inspira a un grupo. Nace da s\u00faa visi\u00f3n e dos valores que a conforman, representado o que son e o que queren ser. Unha marca \u00e9 sin\u00f3nimo da reputaci\u00f3n dun grupo, da s\u00faa estratexia e actividade. \u00c9 a suma de todas [&hellip;]\" \/>\n<meta property=\"og:url\" content=\"https:\/\/ccbierzo.com\/gl\/sala-de-prensa\/identidade-corporativa\/\" \/>\n<meta property=\"og:site_name\" content=\"Consejo Comarcal del Bierzo\" \/>\n<meta property=\"article:modified_time\" content=\"2020-03-05T12:12:46+00:00\" \/>\n<meta property=\"og:image\" content=\"http:\/\/..\/wp-content\/uploads\/2018\/01\/logo-turismo.png\" \/>\n<meta name=\"twitter:card\" content=\"summary_large_image\" \/>\n<meta name=\"twitter:label1\" content=\"Tempo de lectura\" \/>\n\t<meta name=\"twitter:data1\" content=\"7 minutos\" \/>\n<script type=\"application\/ld+json\" class=\"yoast-schema-graph\">{\"@context\":\"https:\/\/schema.org\",\"@graph\":[{\"@type\":\"WebPage\",\"@id\":\"https:\/\/ccbierzo.com\/gl\/sala-de-prensa\/identidade-corporativa\/\",\"url\":\"https:\/\/ccbierzo.com\/gl\/sala-de-prensa\/identidade-corporativa\/\",\"name\":\"Identidade Corporativa - Consejo Comarcal del Bierzo\",\"isPartOf\":{\"@id\":\"https:\/\/ccbierzo.com\/gl\/#website\"},\"datePublished\":\"2020-03-03T13:24:20+00:00\",\"dateModified\":\"2020-03-05T12:12:46+00:00\",\"breadcrumb\":{\"@id\":\"https:\/\/ccbierzo.com\/gl\/sala-de-prensa\/identidade-corporativa\/#breadcrumb\"},\"inLanguage\":\"gl-ES\",\"potentialAction\":[{\"@type\":\"ReadAction\",\"target\":[\"https:\/\/ccbierzo.com\/gl\/sala-de-prensa\/identidade-corporativa\/\"]}]},{\"@type\":\"BreadcrumbList\",\"@id\":\"https:\/\/ccbierzo.com\/gl\/sala-de-prensa\/identidade-corporativa\/#breadcrumb\",\"itemListElement\":[{\"@type\":\"ListItem\",\"position\":1,\"name\":\"Portada\",\"item\":\"https:\/\/ccbierzo.com\/gl\/\"},{\"@type\":\"ListItem\",\"position\":2,\"name\":\"Sala de Prensa\",\"item\":\"https:\/\/ccbierzo.com\/gl\/sala-de-prensa\/\"},{\"@type\":\"ListItem\",\"position\":3,\"name\":\"Identidade Corporativa\"}]},{\"@type\":\"WebSite\",\"@id\":\"https:\/\/ccbierzo.com\/gl\/#website\",\"url\":\"https:\/\/ccbierzo.com\/gl\/\",\"name\":\"Consejo Comarcal del Bierzo\",\"description\":\"P\u00e1gina Oficial del Consejo Comarcal del Bierzo\",\"potentialAction\":[{\"@type\":\"SearchAction\",\"target\":{\"@type\":\"EntryPoint\",\"urlTemplate\":\"https:\/\/ccbierzo.com\/gl\/?s={search_term_string}\"},\"query-input\":{\"@type\":\"PropertyValueSpecification\",\"valueRequired\":true,\"valueName\":\"search_term_string\"}}],\"inLanguage\":\"gl-ES\"}]}<\/script>\n<!-- \/ Yoast SEO plugin. -->","yoast_head_json":{"title":"Identidade Corporativa - Consejo Comarcal del Bierzo","robots":{"index":"index","follow":"follow","max-snippet":"max-snippet:-1","max-image-preview":"max-image-preview:large","max-video-preview":"max-video-preview:-1"},"canonical":"https:\/\/ccbierzo.com\/gl\/sala-de-prensa\/identidade-corporativa\/","og_locale":"gl_ES","og_type":"article","og_title":"Identidade Corporativa - Consejo Comarcal del Bierzo","og_description":"MARCAS DO CONSELLO A marca e a idea central e aglutinadora que gu\u00eda e inspira a un grupo. Nace da s\u00faa visi\u00f3n e dos valores que a conforman, representado o que son e o que queren ser. Unha marca \u00e9 sin\u00f3nimo da reputaci\u00f3n dun grupo, da s\u00faa estratexia e actividade. \u00c9 a suma de todas [&hellip;]","og_url":"https:\/\/ccbierzo.com\/gl\/sala-de-prensa\/identidade-corporativa\/","og_site_name":"Consejo Comarcal del Bierzo","article_modified_time":"2020-03-05T12:12:46+00:00","og_image":[{"url":"..\/wp-content\/uploads\/2018\/01\/logo-turismo.png","type":"","width":"","height":""}],"twitter_card":"summary_large_image","twitter_misc":{"Tempo de lectura":"7 minutos"},"schema":{"@context":"https:\/\/schema.org","@graph":[{"@type":"WebPage","@id":"https:\/\/ccbierzo.com\/gl\/sala-de-prensa\/identidade-corporativa\/","url":"https:\/\/ccbierzo.com\/gl\/sala-de-prensa\/identidade-corporativa\/","name":"Identidade Corporativa - Consejo Comarcal del Bierzo","isPartOf":{"@id":"https:\/\/ccbierzo.com\/gl\/#website"},"datePublished":"2020-03-03T13:24:20+00:00","dateModified":"2020-03-05T12:12:46+00:00","breadcrumb":{"@id":"https:\/\/ccbierzo.com\/gl\/sala-de-prensa\/identidade-corporativa\/#breadcrumb"},"inLanguage":"gl-ES","potentialAction":[{"@type":"ReadAction","target":["https:\/\/ccbierzo.com\/gl\/sala-de-prensa\/identidade-corporativa\/"]}]},{"@type":"BreadcrumbList","@id":"https:\/\/ccbierzo.com\/gl\/sala-de-prensa\/identidade-corporativa\/#breadcrumb","itemListElement":[{"@type":"ListItem","position":1,"name":"Portada","item":"https:\/\/ccbierzo.com\/gl\/"},{"@type":"ListItem","position":2,"name":"Sala de Prensa","item":"https:\/\/ccbierzo.com\/gl\/sala-de-prensa\/"},{"@type":"ListItem","position":3,"name":"Identidade Corporativa"}]},{"@type":"WebSite","@id":"https:\/\/ccbierzo.com\/gl\/#website","url":"https:\/\/ccbierzo.com\/gl\/","name":"Consejo Comarcal del Bierzo","description":"P\u00e1gina Oficial del Consejo Comarcal del Bierzo","potentialAction":[{"@type":"SearchAction","target":{"@type":"EntryPoint","urlTemplate":"https:\/\/ccbierzo.com\/gl\/?s={search_term_string}"},"query-input":{"@type":"PropertyValueSpecification","valueRequired":true,"valueName":"search_term_string"}}],"inLanguage":"gl-ES"}]}},"_links":{"self":[{"href":"https:\/\/ccbierzo.com\/gl\/wp-json\/wp\/v2\/pages\/128064","targetHints":{"allow":["GET"]}}],"collection":[{"href":"https:\/\/ccbierzo.com\/gl\/wp-json\/wp\/v2\/pages"}],"about":[{"href":"https:\/\/ccbierzo.com\/gl\/wp-json\/wp\/v2\/types\/page"}],"author":[{"embeddable":true,"href":"https:\/\/ccbierzo.com\/gl\/wp-json\/wp\/v2\/users\/1"}],"replies":[{"embeddable":true,"href":"https:\/\/ccbierzo.com\/gl\/wp-json\/wp\/v2\/comments?post=128064"}],"version-history":[{"count":0,"href":"https:\/\/ccbierzo.com\/gl\/wp-json\/wp\/v2\/pages\/128064\/revisions"}],"up":[{"embeddable":true,"href":"https:\/\/ccbierzo.com\/gl\/wp-json\/wp\/v2\/pages\/127933"}],"wp:attachment":[{"href":"https:\/\/ccbierzo.com\/gl\/wp-json\/wp\/v2\/media?parent=128064"}],"curies":[{"name":"wp","href":"https:\/\/api.w.org\/{rel}","templated":true}]}}