{"id":127887,"date":"2020-02-29T19:24:43","date_gmt":"2020-02-29T18:24:43","guid":{"rendered":"https:\/\/ccbierzo.com\/politica-de-privacidade\/"},"modified":"2020-02-29T19:24:44","modified_gmt":"2020-02-29T18:24:44","slug":"politica-de-privacidade","status":"publish","type":"page","link":"https:\/\/ccbierzo.com\/gl\/politica-de-privacidade\/","title":{"rendered":"Pol\u00edtica de Privacidade"},"content":{"rendered":"<p>[et_pb_section fb_built=&#8221;1&#8243; _builder_version=&#8221;3.0.106&#8243; custom_margin=&#8221;0px|0px|0px|0px&#8221; custom_padding=&#8221;450px|0px|0px|0px&#8221; bottom_divider_style=&#8221;wave2&#8243; bottom_divider_color=&#8221;#ffffff&#8221; bottom_divider_height=&#8221;112px&#8221; bottom_divider_arrangement=&#8221;above_content&#8221; background_image=&#8221;https:\/\/ccbierzo.com\/wp-content\/uploads\/2018\/03\/privacidad.jpg&#8221; top_divider_style=&#8221;wave2&#8243; top_divider_color=&#8221;#ffffff&#8221; top_divider_flip=&#8221;horizontal&#8221; bottom_divider_flip=&#8221;vertical&#8221;][et_pb_row make_fullwidth=&#8221;on&#8221; use_custom_gutter=&#8221;on&#8221; gutter_width=&#8221;1&#8243; custom_padding=&#8221;0px|0px|0px|0px&#8221; custom_margin=&#8221;0px|0px|0px|0px&#8221; make_equal=&#8221;on&#8221; padding_1_last_edited=&#8221;off|desktop&#8221; custom_padding_last_edited=&#8221;on|desktop&#8221; _builder_version=&#8221;3.0.105&#8243; background_size=&#8221;initial&#8221; background_position=&#8221;top_left&#8221; background_repeat=&#8221;repeat&#8221; module_alignment=&#8221;center&#8221;][et_pb_column type=&#8221;4_4&#8243; _builder_version=&#8221;3.0.47&#8243; padding_last_edited=&#8221;off|desktop&#8221; parallax=&#8221;off&#8221; parallax_method=&#8221;on&#8221;][\/et_pb_column][\/et_pb_row][\/et_pb_section][et_pb_section fb_built=&#8221;1&#8243; _builder_version=&#8221;3.0.106&#8243; custom_padding=&#8221;50px|0px|80px|0px&#8221; top_divider_color=&#8221;#222222&#8243; top_divider_height=&#8221;92px&#8221; bottom_divider_style=&#8221;wave2&#8243; bottom_divider_color=&#8221;#222222&#8243; bottom_divider_flip=&#8221;vertical&#8221;][et_pb_row use_custom_width=&#8221;on&#8221; width_unit=&#8221;off&#8221; use_custom_gutter=&#8221;on&#8221; gutter_width=&#8221;3&#8243; make_equal=&#8221;on&#8221; _builder_version=&#8221;3.0.97&#8243;][et_pb_column type=&#8221;4_4&#8243; _builder_version=&#8221;3.0.97&#8243; parallax=&#8221;off&#8221; parallax_method=&#8221;on&#8221;][et_pb_text _builder_version=&#8221;3.0.97&#8243; text_font=&#8221;||||||||&#8221; header_font=&#8221;||||||||&#8221; max_width=&#8221;80%&#8221; module_alignment=&#8221;center&#8221;]<\/p>\n<h1><span style=\"color: #0ca3c9;\"><strong>POL\u00cdTICA DE PRIVACIDAD<\/strong><\/span><\/h1>\n<blockquote><p>Consejo Comarcal del Bierzo<br \/>\nccbierzo.net es un portal de informaci\u00f3n y servicios p\u00fablicos para los ciudadanos que son o que residen en la comarca de El Bierzo.<br \/>\ninfo@ccbierzo.com<br \/>\nEl Consejo Comarcal tiene su domicilio oficial en\u00a0<span class=\"gral\">Avenida de la Miner\u00eda s\/n, 3\u00a0<\/span><span class=\"gral\">(Edificio Minero).\u00a0<\/span><span class=\"gral\">24402 Ponferrada (Le\u00f3n)<\/span><\/p><\/blockquote>\n<p><span style=\"color: #e02b20;\"><b>1. OBJETO<\/b><\/span><\/p>\n<p>El presente Sitio Web ha sido dise\u00f1ado para informaci\u00f3n y gesti\u00f3n online de los servicios que el <em><strong>Consejo Comarcal del Bierzo<\/strong><\/em> ofrece a los ciudadanos, en las categor\u00edas que se relacionan en su portal web: www.ccbierzo.net .<br \/>\nLa utilizaci\u00f3n de este Sitio Web atribuye al navegante la condici\u00f3n de Usuario del sitio, lo cual implica la adhesi\u00f3n a las presentes condiciones en la versi\u00f3n publicada en el momento en que se acceda al mismo. Asumiendo su plena responsabilidad por el incumplimiento total o parcial de lo dispuesto en las condiciones que se exponen y de las acciones legales y\/o judiciales que se puedan derivar como consecuencia de esta infracci\u00f3n. Por ello, <em><strong>ccbierzo.net<\/strong><\/em> recomienda al Usuario leer las mismas atentamente, as\u00ed como las condiciones generales de contrataci\u00f3n si procede, cada vez que acceda al Sitio Web.<br \/>\nEn consecuencia, El Consejo, se reserva el derecho a modificar las presentes condiciones generales de uso, con el objeto de adecuarlas a la legislaci\u00f3n vigente aplicable en cada momento, las novedades jurisprudenciales y las pr\u00e1cticas habituales del mercado. El dise\u00f1o, presentaci\u00f3n y\/o configuraci\u00f3n del Sitio Web requeridas para utilizar los mismos.<\/p>\n<p><span style=\"color: #e02b20;\"><b>2. RESPONSABILIDAD DEL SITIO WEB Y RESPONSABILIDAD DEL PRESTADOR<\/b><\/span><\/p>\n<p><em><strong>2.1. Responsabilidad por errores de car\u00e1cter t\u00e9cnico.<\/strong><\/em><\/p>\n<p>Este Sitio Web pretende reducir al m\u00ednimo los problemas ocasionados por errores de car\u00e1cter t\u00e9cnico. No obstante, algunos datos o informaciones contenidos en las p\u00e1ginas pueden haber sido creados o estructurados en archivos o formatos no exentos de errores, por lo que no se puede garantizar que el servicio no quede interrumpido temporalmente o se vea afectado de cualquier otra forma por tales problemas t\u00e9cnicos. <em><strong>ccbierzo.net<\/strong><\/em> no asume responsabilidad alguna respecto de dichos fallos o errores t\u00e9cnicos que se presenten resultado de la consulta de las p\u00e1ginas de la Asociaci\u00f3n o de aquellas otras externas objeto de reenv\u00edo de la p\u00e1gina principal. En cualquier momento y sin necesidad de previo aviso al Usuario, la Asociaci\u00f3n podr\u00e1 llevar a cabo la suspensi\u00f3n temporal de servicios en su p\u00e1gina Web por problemas t\u00e9cnicos o causas de fuerza mayor.<\/p>\n<p><em><strong>2.2. Responsabilidad por los da\u00f1os al usuario.<\/strong><\/em><\/p>\n<p>El Consejo, no ser\u00e1 responsable, ni indirectamente ni subsidiariamente, de los da\u00f1os y perjuicios de cualquier naturaleza causados al usuario, como consecuencia de la presencia de virus u otros elementos en los contenidos y servicios prestados por terceros que puedan producir alteraciones en el sistema inform\u00e1tico del usuario.<br \/>\nTampoco, ser\u00e1 responsable de los da\u00f1os y perjuicios que se causen en el usuario por fallos y errores en el acceso, en las conexiones, en las transmisiones, en la interrupci\u00f3n sin justa causa del servicio, por intrusiones, env\u00edos masivos de publicidad o cuando las citadas causas, se deban a situaciones ajenas al Sitio Web, como por ejemplo defectos en el ordenador del usuario, deficiencia en su conexi\u00f3n, virus internos en el ordenador del usuario.<\/p>\n<p><span style=\"color: #e02b20;\"><b>3. CONFIDENCIALIDAD Y PROTECCI\u00d3N DE DATOS<\/b><\/span><\/p>\n<p><em><strong>ccbierzo.net<\/strong><\/em> informa que determinados usos del Sitio Web, conllevan el registro del usuario, y por tanto la entrega de datos de car\u00e1cter personal, autorizando el usuario mediante su comunicaci\u00f3n, a su tratamiento e inclusi\u00f3n en un fichero con datos de car\u00e1cter personal. La finalidad del tratamiento de dichos datos es poder informar sobre novedades, boletines de noticias, ofertas-promociones y publicidad respecto a servicios propios de la Asociaci\u00f3n.<\/p>\n<p><em><strong>ccbierzo.net<\/strong><\/em> asegura cumplir y aplicar las medidas de todas las medidas de \u00edndole organizativo, t\u00e9cnico y legal, que se determina en la Normativa contenida en la Ley Org\u00e1nica 15\/1999 de 13 de diciembre de Protecci\u00f3n de Datos de Car\u00e1cter Personal, y en el Real Decreto 1720\/2007, de 21 de diciembre, por el que se aprueba el Reglamento de desarrollo de la Ley 15\/1999, de 13 de diciembre, de Protecci\u00f3n de Datos de Car\u00e1cter Personal, que lo complementa.<br \/>\nEl Sitio otorga al Usuario en todo momento los derechos de acceso, rectificaci\u00f3n, cancelaci\u00f3n y oposici\u00f3n al afectado sobre sus propios datos personales conforme a lo dispuesto en la Ley Org\u00e1nica 15\/99 de Protecci\u00f3n de Datos de car\u00e1cter personal de 13 de diciembre y el Reglamento de Seguridad, para lo que el Usuario deber\u00e1 completar alguno de los modelos adjuntos, remiti\u00e9ndolo junto con una copia de su DNI a la direcci\u00f3n <em><strong>info@ccbierzo.com<\/strong><\/em><\/p>\n<p>El usuario que integre sus datos personales o profesionales en la presente Base de Datos acepta expresamente e inequ\u00edvocamente la posibilidad de recibir comunicaciones comerciales por parte de\u00a0<em><strong>ccbierzo.net<\/strong><\/em>. En caso de no desear recibir comunicaciones comerciales, podr\u00e1 darse de baja en el apartado unsubscribe del propio bolet\u00edn.<\/p>\n<p>Para m\u00e1s informaci\u00f3n, el usuario debe consultar la Pol\u00edtica de Privacidad del Sitio Web, as\u00ed como aquellas condiciones particulares en donde se especifique y sea necesario comunicar los datos de car\u00e1cter personal del usuario.<\/p>\n<p><span style=\"color: #e02b20;\"><b>4. DURACI\u00d3N Y TERMINACI\u00d3N<\/b><\/span><\/p>\n<p>El funcionamiento del Sitio Web tiene, en principio, un car\u00e1cter indefinido. No obstante,\u00a0<em><strong>ccbierzo.net<\/strong><\/em> podr\u00e1 suspender temporalmente la prestaci\u00f3n del servicio del servicio y\/o darlo por finalizado de forma definitiva, en cualquier momento o instante, sin necesidad de preaviso.<\/p>\n<p><span style=\"color: #e02b20;\"><b>5. LEGISLACI\u00d3N Y FUERO<\/b><\/span><\/p>\n<p>Todas las cuestiones relativas al Sitio Web se rigen en todos y cada uno de sus extremos por las Leyes Espa\u00f1olas y se someten a la jurisdicci\u00f3n de los Juzgados y Tribunales competentes del territorio espa\u00f1ol. Las partes con expresa renuncia a su propio fuero, aceptan como legislaci\u00f3n rectora de las presentes condiciones generales de uso en caso de controversia acerca de la interpretaci\u00f3n o ejecuci\u00f3n de las presentes cl\u00e1usulas, la legislaci\u00f3n espa\u00f1ola, y se someten para la resoluci\u00f3n de cuantos litigios pudieran derivarse del mismo a los Juzgados y Tribunales de Madrid. Para presentar reclamaciones en el uso de nuestros servicios pueden dirigirse por correo electr\u00f3nico a la direcci\u00f3n:\u00a0<a href=\"mailto:info@ccbierzo.com\">info@ccbierzo.com<\/a><br \/>\n[\/et_pb_text][\/et_pb_column][\/et_pb_row][\/et_pb_section]<\/p>\n","protected":false},"excerpt":{"rendered":"<p>POL\u00cdTICA DE PRIVACIDAD Consejo Comarcal del Bierzo ccbierzo.net es un portal de informaci\u00f3n y servicios p\u00fablicos para los ciudadanos que son o que residen en la comarca de El Bierzo. info@ccbierzo.com El Consejo Comarcal tiene su domicilio oficial en\u00a0Avenida de la Miner\u00eda s\/n, 3\u00a0(Edificio Minero).\u00a024402 Ponferrada (Le\u00f3n) 1. OBJETO El presente Sitio Web ha sido [&hellip;]<\/p>\n","protected":false},"author":1,"featured_media":0,"parent":0,"menu_order":99,"comment_status":"closed","ping_status":"closed","template":"","meta":{"_et_pb_use_builder":"on","_et_pb_old_content":"<p>This is an example page. It's different from a blog post because it will stay in one place and will show up in your site navigation (in most themes). Most people start with an About page that introduces them to potential site visitors. It might say something like this:<\/p><blockquote><p>Hi there! I'm a bike messenger by day, aspiring actor by night, and this is my website. I live in Los Angeles, have a great dog named Jack, and I like pi\u00f1a coladas. (And gettin' caught in the rain.)<\/p><\/blockquote><p>...or something like this:<\/p><blockquote><p>The XYZ Doohickey Company was founded in 1971, and has been providing quality doohickeys to the public ever since. Located in Gotham City, XYZ employs over 2,000 people and does all kinds of awesome things for the Gotham community.<\/p><\/blockquote><p>As a new WordPress user, you should go to <a href=\"https:\/\/ccbierzo.com\/wp-admin\/\">your dashboard<\/a> to delete this page and create new pages for your content. Have fun!<\/p>","_et_gb_content_width":"","footnotes":""},"class_list":["post-127887","page","type-page","status-publish","hentry"],"yoast_head":"<!-- This site is optimized with the Yoast SEO plugin v27.3 - https:\/\/yoast.com\/product\/yoast-seo-wordpress\/ -->\n<title>Pol\u00edtica de Privacidade - Consejo Comarcal del Bierzo<\/title>\n<meta name=\"robots\" content=\"index, follow, max-snippet:-1, max-image-preview:large, max-video-preview:-1\" \/>\n<link rel=\"canonical\" href=\"https:\/\/ccbierzo.com\/gl\/politica-de-privacidade\/\" \/>\n<meta property=\"og:locale\" content=\"gl_ES\" \/>\n<meta property=\"og:type\" content=\"article\" \/>\n<meta property=\"og:title\" content=\"Pol\u00edtica de Privacidade - Consejo Comarcal del Bierzo\" \/>\n<meta property=\"og:description\" content=\"POL\u00cdTICA DE PRIVACIDAD Consejo Comarcal del Bierzo ccbierzo.net es un portal de informaci\u00f3n y servicios p\u00fablicos para los ciudadanos que son o que residen en la comarca de El Bierzo. info@ccbierzo.com El Consejo Comarcal tiene su domicilio oficial en\u00a0Avenida de la Miner\u00eda s\/n, 3\u00a0(Edificio Minero).\u00a024402 Ponferrada (Le\u00f3n) 1. OBJETO El presente Sitio Web ha sido [&hellip;]\" \/>\n<meta property=\"og:url\" content=\"https:\/\/ccbierzo.com\/gl\/politica-de-privacidade\/\" \/>\n<meta property=\"og:site_name\" content=\"Consejo Comarcal del Bierzo\" \/>\n<meta property=\"article:modified_time\" content=\"2020-02-29T18:24:44+00:00\" \/>\n<meta name=\"twitter:card\" content=\"summary_large_image\" \/>\n<meta name=\"twitter:label1\" content=\"Tempo de lectura\" \/>\n\t<meta name=\"twitter:data1\" content=\"6 minutos\" \/>\n<script type=\"application\/ld+json\" class=\"yoast-schema-graph\">{\"@context\":\"https:\\\/\\\/schema.org\",\"@graph\":[{\"@type\":\"WebPage\",\"@id\":\"https:\\\/\\\/ccbierzo.com\\\/gl\\\/politica-de-privacidade\\\/\",\"url\":\"https:\\\/\\\/ccbierzo.com\\\/gl\\\/politica-de-privacidade\\\/\",\"name\":\"Pol\u00edtica de Privacidade - Consejo Comarcal del Bierzo\",\"isPartOf\":{\"@id\":\"https:\\\/\\\/ccbierzo.com\\\/gl\\\/#website\"},\"datePublished\":\"2020-02-29T18:24:43+00:00\",\"dateModified\":\"2020-02-29T18:24:44+00:00\",\"breadcrumb\":{\"@id\":\"https:\\\/\\\/ccbierzo.com\\\/gl\\\/politica-de-privacidade\\\/#breadcrumb\"},\"inLanguage\":\"gl-ES\",\"potentialAction\":[{\"@type\":\"ReadAction\",\"target\":[\"https:\\\/\\\/ccbierzo.com\\\/gl\\\/politica-de-privacidade\\\/\"]}]},{\"@type\":\"BreadcrumbList\",\"@id\":\"https:\\\/\\\/ccbierzo.com\\\/gl\\\/politica-de-privacidade\\\/#breadcrumb\",\"itemListElement\":[{\"@type\":\"ListItem\",\"position\":1,\"name\":\"Portada\",\"item\":\"https:\\\/\\\/ccbierzo.com\\\/gl\\\/\"},{\"@type\":\"ListItem\",\"position\":2,\"name\":\"Pol\u00edtica de Privacidade\"}]},{\"@type\":\"WebSite\",\"@id\":\"https:\\\/\\\/ccbierzo.com\\\/gl\\\/#website\",\"url\":\"https:\\\/\\\/ccbierzo.com\\\/gl\\\/\",\"name\":\"Consejo Comarcal del Bierzo\",\"description\":\"P\u00e1gina Oficial del Consejo Comarcal del Bierzo\",\"potentialAction\":[{\"@type\":\"SearchAction\",\"target\":{\"@type\":\"EntryPoint\",\"urlTemplate\":\"https:\\\/\\\/ccbierzo.com\\\/gl\\\/?s={search_term_string}\"},\"query-input\":{\"@type\":\"PropertyValueSpecification\",\"valueRequired\":true,\"valueName\":\"search_term_string\"}}],\"inLanguage\":\"gl-ES\"}]}<\/script>\n<!-- \/ Yoast SEO plugin. -->","yoast_head_json":{"title":"Pol\u00edtica de Privacidade - Consejo Comarcal del Bierzo","robots":{"index":"index","follow":"follow","max-snippet":"max-snippet:-1","max-image-preview":"max-image-preview:large","max-video-preview":"max-video-preview:-1"},"canonical":"https:\/\/ccbierzo.com\/gl\/politica-de-privacidade\/","og_locale":"gl_ES","og_type":"article","og_title":"Pol\u00edtica de Privacidade - Consejo Comarcal del Bierzo","og_description":"POL\u00cdTICA DE PRIVACIDAD Consejo Comarcal del Bierzo ccbierzo.net es un portal de informaci\u00f3n y servicios p\u00fablicos para los ciudadanos que son o que residen en la comarca de El Bierzo. info@ccbierzo.com El Consejo Comarcal tiene su domicilio oficial en\u00a0Avenida de la Miner\u00eda s\/n, 3\u00a0(Edificio Minero).\u00a024402 Ponferrada (Le\u00f3n) 1. OBJETO El presente Sitio Web ha sido [&hellip;]","og_url":"https:\/\/ccbierzo.com\/gl\/politica-de-privacidade\/","og_site_name":"Consejo Comarcal del Bierzo","article_modified_time":"2020-02-29T18:24:44+00:00","twitter_card":"summary_large_image","twitter_misc":{"Tempo de lectura":"6 minutos"},"schema":{"@context":"https:\/\/schema.org","@graph":[{"@type":"WebPage","@id":"https:\/\/ccbierzo.com\/gl\/politica-de-privacidade\/","url":"https:\/\/ccbierzo.com\/gl\/politica-de-privacidade\/","name":"Pol\u00edtica de Privacidade - Consejo Comarcal del Bierzo","isPartOf":{"@id":"https:\/\/ccbierzo.com\/gl\/#website"},"datePublished":"2020-02-29T18:24:43+00:00","dateModified":"2020-02-29T18:24:44+00:00","breadcrumb":{"@id":"https:\/\/ccbierzo.com\/gl\/politica-de-privacidade\/#breadcrumb"},"inLanguage":"gl-ES","potentialAction":[{"@type":"ReadAction","target":["https:\/\/ccbierzo.com\/gl\/politica-de-privacidade\/"]}]},{"@type":"BreadcrumbList","@id":"https:\/\/ccbierzo.com\/gl\/politica-de-privacidade\/#breadcrumb","itemListElement":[{"@type":"ListItem","position":1,"name":"Portada","item":"https:\/\/ccbierzo.com\/gl\/"},{"@type":"ListItem","position":2,"name":"Pol\u00edtica de Privacidade"}]},{"@type":"WebSite","@id":"https:\/\/ccbierzo.com\/gl\/#website","url":"https:\/\/ccbierzo.com\/gl\/","name":"Consejo Comarcal del Bierzo","description":"P\u00e1gina Oficial del Consejo Comarcal del Bierzo","potentialAction":[{"@type":"SearchAction","target":{"@type":"EntryPoint","urlTemplate":"https:\/\/ccbierzo.com\/gl\/?s={search_term_string}"},"query-input":{"@type":"PropertyValueSpecification","valueRequired":true,"valueName":"search_term_string"}}],"inLanguage":"gl-ES"}]}},"_links":{"self":[{"href":"https:\/\/ccbierzo.com\/gl\/wp-json\/wp\/v2\/pages\/127887","targetHints":{"allow":["GET"]}}],"collection":[{"href":"https:\/\/ccbierzo.com\/gl\/wp-json\/wp\/v2\/pages"}],"about":[{"href":"https:\/\/ccbierzo.com\/gl\/wp-json\/wp\/v2\/types\/page"}],"author":[{"embeddable":true,"href":"https:\/\/ccbierzo.com\/gl\/wp-json\/wp\/v2\/users\/1"}],"replies":[{"embeddable":true,"href":"https:\/\/ccbierzo.com\/gl\/wp-json\/wp\/v2\/comments?post=127887"}],"version-history":[{"count":0,"href":"https:\/\/ccbierzo.com\/gl\/wp-json\/wp\/v2\/pages\/127887\/revisions"}],"wp:attachment":[{"href":"https:\/\/ccbierzo.com\/gl\/wp-json\/wp\/v2\/media?parent=127887"}],"curies":[{"name":"wp","href":"https:\/\/api.w.org\/{rel}","templated":true}]}}