{"id":127886,"date":"2020-02-29T18:42:58","date_gmt":"2020-02-29T17:42:58","guid":{"rendered":"https:\/\/ccbierzo.com\/aviso-legal\/"},"modified":"2020-02-29T18:42:58","modified_gmt":"2020-02-29T17:42:58","slug":"aviso-legal","status":"publish","type":"page","link":"https:\/\/ccbierzo.com\/gl\/aviso-legal\/","title":{"rendered":"Aviso Legal"},"content":{"rendered":"<p>[et_pb_section fb_built=&#8221;1&#8243; _builder_version=&#8221;3.0.106&#8243; custom_margin=&#8221;0px|0px|0px|0px&#8221; custom_padding=&#8221;450px|0px|0px|0px&#8221; bottom_divider_style=&#8221;wave2&#8243; bottom_divider_color=&#8221;#ffffff&#8221; bottom_divider_height=&#8221;112px&#8221; bottom_divider_arrangement=&#8221;above_content&#8221; background_image=&#8221;https:\/\/ccbierzo.com\/wp-content\/uploads\/2018\/01\/aviso-legal.jpg&#8221; filter_hue_rotate=&#8221;168deg&#8221; filter_saturate=&#8221;50%&#8221; top_divider_style=&#8221;wave2&#8243; top_divider_color=&#8221;#ffffff&#8221; top_divider_flip=&#8221;horizontal|vertical&#8221; top_divider_arrangement=&#8221;above_content&#8221;][et_pb_row make_fullwidth=&#8221;on&#8221; use_custom_gutter=&#8221;on&#8221; gutter_width=&#8221;1&#8243; custom_padding=&#8221;0px|0px|0px|0px&#8221; custom_margin=&#8221;0px|0px|0px|0px&#8221; make_equal=&#8221;on&#8221; padding_1_last_edited=&#8221;off|desktop&#8221; custom_padding_last_edited=&#8221;on|desktop&#8221; _builder_version=&#8221;3.0.105&#8243; background_size=&#8221;initial&#8221; background_position=&#8221;top_left&#8221; background_repeat=&#8221;repeat&#8221; module_alignment=&#8221;center&#8221;][et_pb_column type=&#8221;4_4&#8243; _builder_version=&#8221;3.0.47&#8243; padding_last_edited=&#8221;off|desktop&#8221; parallax=&#8221;off&#8221; parallax_method=&#8221;on&#8221;][\/et_pb_column][\/et_pb_row][\/et_pb_section][et_pb_section fb_built=&#8221;1&#8243; _builder_version=&#8221;3.0.106&#8243; custom_padding=&#8221;0px|0px|80px|0px&#8221; top_divider_style=&#8221;wave2&#8243; top_divider_color=&#8221;rgba(255,255,255,0)&#8221; top_divider_height=&#8221;92px&#8221; bottom_divider_style=&#8221;wave2&#8243; bottom_divider_color=&#8221;#222222&#8243; bottom_divider_flip=&#8221;horizontal&#8221;][et_pb_row use_custom_width=&#8221;on&#8221; width_unit=&#8221;off&#8221; use_custom_gutter=&#8221;on&#8221; gutter_width=&#8221;3&#8243; make_equal=&#8221;on&#8221; _builder_version=&#8221;3.0.97&#8243;][et_pb_column type=&#8221;4_4&#8243; _builder_version=&#8221;3.0.97&#8243; parallax=&#8221;off&#8221; parallax_method=&#8221;on&#8221;][et_pb_text _builder_version=&#8221;3.0.97&#8243; text_font=&#8221;||||||||&#8221; header_font=&#8221;||||||||&#8221; max_width=&#8221;80%&#8221; module_alignment=&#8221;center&#8221;]<\/p>\n<h1><span style=\"color: #0ca3c9;\"><strong>AVISO LEGAL<\/strong><\/span><\/h1>\n<blockquote><p>Consejo Comarcal del Bierzo<br \/>\nwww.ccbierzo.net<br \/>\nwww.ccbierzo.com<br \/>\ninfo@ccbierzo.com<\/p><\/blockquote>\n<p><span style=\"color: #e02b20;\"><b>Copyright<\/b><\/span><\/p>\n<p>Los dise\u00f1os y materiales, que sean propiedad de este <em><strong>Consejo Comarcal del Bierzo<\/strong><\/em>, protegidos por las Leyes de Propiedad Intelectual y de Patentes y Marcas, no pueden ser copiados, reproducidos o bajados de la red sin su autorizaci\u00f3n escrita, excepto para usos de Planificaci\u00f3n e Informaci\u00f3n de nuestros usuarios y sin posibilidad de usos comerciales gratuitos o retribuidos. Los documentos de difusi\u00f3n que sean marcados como de difusi\u00f3n gratuita, estar\u00e1n a disposici\u00f3n del P\u00fablico, respetando el dise\u00f1o original, que recoja el autor de los contenidos. La persona o entidad, que disponga de ellos, no podr\u00e1 percibir, cantidad alguna de un tercero, por dicho documento o por la informaci\u00f3n contenida en \u00e9l.<br \/>\nLos documentos, que incluyan alg\u00fan tipo o cantidad de pago, pueden reproducirse y difundirse internamente en el seno de las organizaciones que los adquirieron, no autoriz\u00e1ndose la difusi\u00f3n p\u00fablica, ni su uso con fines comerciales sin autorizaci\u00f3n escrita del <em><strong>Consejo Comarcal del Bierzo<\/strong><\/em>, titular de los derechos.<br \/>\nCualquier reclamaci\u00f3n sobre litigios de Propiedad Intelectual de Terceros, insertados en nuestras Web, debe ser comunicada, por los interesados, a fin de que se retire dicho material de nuestra Web a:\u00a0<a href=\"mailto:info@ccbierzo.com\" target=\"_blank\" rel=\"noopener noreferrer\">info@ccbierzo.com<br \/>\n<\/a>Cualquier discrepancia o transgresi\u00f3n de los citados derechos, ser\u00e1 reclamada ante los Tribunales en Espa\u00f1a.<\/p>\n<p><span style=\"color: #e02b20;\"><b>Limitaci\u00f3n de Responsabilidades<\/b><\/span><\/p>\n<p><strong><em>El Consejo Comarcal del Bierzo<\/em><\/strong>, no se hace responsable, ante ninguna persona o entidad que acceda a este portal &#8220;ccbierzo.net&#8221;, o a cualquiera de los documentos expuestos en dicho sitio, de los perjuicios directos o indirectos por el uso o la no posibilidad de uso o acceso a &#8220;ccbierzo.net&#8221; o cualquiera de los documentos ofrecidos.<br \/>\n<em><strong>El Consejo Comarcal del Bierzo<\/strong><\/em>, no garantiza el acceso sin interrupci\u00f3n al sitio mencionado o a cualquiera de los contenidos y documentos expuestos. Tampoco puede garantizar que est\u00e9 libre de virus.<br \/>\nLas referencias, a enlaces de otros sitios, recogidas en ccbierzo.net o cualquiera de los documentos ofrecidos, no implican necesariamente, ni el apoyo, ni la aprobaci\u00f3n de este <em><strong>Consejo Comarcal<\/strong><\/em>, a los contenidos a los que se acceda.<br \/>\n<em><strong>El Consejo Comarcal del Bierzo<\/strong><\/em>, no se responsabiliza, ni de la disponibilidad del acceso ni de los contenidos ofrecidos en ellos.<\/p>\n<p><span style=\"color: #e02b20;\"><b>Confidencialidad y Protecci\u00f3n de Datos<\/b><\/span><\/p>\n<p>La informaci\u00f3n facilitada, ser\u00e1 usada por las Web, instituciones, departamentos y\/o empresas participadas por <em><strong>ccbierzo.net (.com)<\/strong><\/em> y aquellas entidades a las que resulte imprescindible transferir los datos finalizar la petici\u00f3n del usuario con fines comerciales o informativos, en ning\u00fan caso, la citada informaci\u00f3n ser\u00e1 cedida o vendida a terceros.<br \/>\nEste <em><strong>Consejo Comarcal<\/strong><\/em>, velar\u00e1 por la seguridad y custodia de dicha informaci\u00f3n, pero en ning\u00fan caso har\u00e1 frente a posibles indemnizaciones por por robo de la misma por terceros.<br \/>\nVd. tiene derecho al acceso, rectificaci\u00f3n, cancelaci\u00f3n y omisi\u00f3n de sus datos. Para ello, solo tiene que usar cualquiera de las siguientes formas de comunicaci\u00f3n, enviarnos: un email a las direcciones arriba facilitadas, contactar telef\u00f3nicamente o enviarnos una carta.<br \/>\n[\/et_pb_text][\/et_pb_column][\/et_pb_row][\/et_pb_section]<\/p>\n","protected":false},"excerpt":{"rendered":"<p>AVISO LEGAL Consejo Comarcal del Bierzo www.ccbierzo.net www.ccbierzo.com info@ccbierzo.com Copyright Los dise\u00f1os y materiales, que sean propiedad de este Consejo Comarcal del Bierzo, protegidos por las Leyes de Propiedad Intelectual y de Patentes y Marcas, no pueden ser copiados, reproducidos o bajados de la red sin su autorizaci\u00f3n escrita, excepto para usos de Planificaci\u00f3n e [&hellip;]<\/p>\n","protected":false},"author":1,"featured_media":0,"parent":0,"menu_order":98,"comment_status":"closed","ping_status":"closed","template":"","meta":{"_et_pb_use_builder":"on","_et_pb_old_content":"<p>This is an example page. It's different from a blog post because it will stay in one place and will show up in your site navigation (in most themes). Most people start with an About page that introduces them to potential site visitors. It might say something like this:<\/p><blockquote><p>Hi there! I'm a bike messenger by day, aspiring actor by night, and this is my website. I live in Los Angeles, have a great dog named Jack, and I like pi\u00f1a coladas. (And gettin' caught in the rain.)<\/p><\/blockquote><p>...or something like this:<\/p><blockquote><p>The XYZ Doohickey Company was founded in 1971, and has been providing quality doohickeys to the public ever since. Located in Gotham City, XYZ employs over 2,000 people and does all kinds of awesome things for the Gotham community.<\/p><\/blockquote><p>As a new WordPress user, you should go to <a href=\"https:\/\/ccbierzo.com\/wp-admin\/\">your dashboard<\/a> to delete this page and create new pages for your content. Have fun!<\/p>","_et_gb_content_width":"","footnotes":""},"class_list":["post-127886","page","type-page","status-publish","hentry"],"yoast_head":"<!-- This site is optimized with the Yoast SEO plugin v27.3 - https:\/\/yoast.com\/product\/yoast-seo-wordpress\/ -->\n<title>Aviso Legal - Consejo Comarcal del Bierzo<\/title>\n<meta name=\"robots\" content=\"index, follow, max-snippet:-1, max-image-preview:large, max-video-preview:-1\" \/>\n<link rel=\"canonical\" href=\"https:\/\/ccbierzo.com\/gl\/aviso-legal\/\" \/>\n<meta property=\"og:locale\" content=\"gl_ES\" \/>\n<meta property=\"og:type\" content=\"article\" \/>\n<meta property=\"og:title\" content=\"Aviso Legal - Consejo Comarcal del Bierzo\" \/>\n<meta property=\"og:description\" content=\"AVISO LEGAL Consejo Comarcal del Bierzo www.ccbierzo.net www.ccbierzo.com info@ccbierzo.com Copyright Los dise\u00f1os y materiales, que sean propiedad de este Consejo Comarcal del Bierzo, protegidos por las Leyes de Propiedad Intelectual y de Patentes y Marcas, no pueden ser copiados, reproducidos o bajados de la red sin su autorizaci\u00f3n escrita, excepto para usos de Planificaci\u00f3n e [&hellip;]\" \/>\n<meta property=\"og:url\" content=\"https:\/\/ccbierzo.com\/gl\/aviso-legal\/\" \/>\n<meta property=\"og:site_name\" content=\"Consejo Comarcal del Bierzo\" \/>\n<meta name=\"twitter:card\" content=\"summary_large_image\" \/>\n<meta name=\"twitter:label1\" content=\"Tempo de lectura\" \/>\n\t<meta name=\"twitter:data1\" content=\"4 minutos\" \/>\n<script type=\"application\/ld+json\" class=\"yoast-schema-graph\">{\"@context\":\"https:\\\/\\\/schema.org\",\"@graph\":[{\"@type\":\"WebPage\",\"@id\":\"https:\\\/\\\/ccbierzo.com\\\/gl\\\/aviso-legal\\\/\",\"url\":\"https:\\\/\\\/ccbierzo.com\\\/gl\\\/aviso-legal\\\/\",\"name\":\"Aviso Legal - Consejo Comarcal del Bierzo\",\"isPartOf\":{\"@id\":\"https:\\\/\\\/ccbierzo.com\\\/gl\\\/#website\"},\"datePublished\":\"2020-02-29T17:42:58+00:00\",\"breadcrumb\":{\"@id\":\"https:\\\/\\\/ccbierzo.com\\\/gl\\\/aviso-legal\\\/#breadcrumb\"},\"inLanguage\":\"gl-ES\",\"potentialAction\":[{\"@type\":\"ReadAction\",\"target\":[\"https:\\\/\\\/ccbierzo.com\\\/gl\\\/aviso-legal\\\/\"]}]},{\"@type\":\"BreadcrumbList\",\"@id\":\"https:\\\/\\\/ccbierzo.com\\\/gl\\\/aviso-legal\\\/#breadcrumb\",\"itemListElement\":[{\"@type\":\"ListItem\",\"position\":1,\"name\":\"Portada\",\"item\":\"https:\\\/\\\/ccbierzo.com\\\/gl\\\/\"},{\"@type\":\"ListItem\",\"position\":2,\"name\":\"Aviso Legal\"}]},{\"@type\":\"WebSite\",\"@id\":\"https:\\\/\\\/ccbierzo.com\\\/gl\\\/#website\",\"url\":\"https:\\\/\\\/ccbierzo.com\\\/gl\\\/\",\"name\":\"Consejo Comarcal del Bierzo\",\"description\":\"P\u00e1gina Oficial del Consejo Comarcal del Bierzo\",\"potentialAction\":[{\"@type\":\"SearchAction\",\"target\":{\"@type\":\"EntryPoint\",\"urlTemplate\":\"https:\\\/\\\/ccbierzo.com\\\/gl\\\/?s={search_term_string}\"},\"query-input\":{\"@type\":\"PropertyValueSpecification\",\"valueRequired\":true,\"valueName\":\"search_term_string\"}}],\"inLanguage\":\"gl-ES\"}]}<\/script>\n<!-- \/ Yoast SEO plugin. -->","yoast_head_json":{"title":"Aviso Legal - Consejo Comarcal del Bierzo","robots":{"index":"index","follow":"follow","max-snippet":"max-snippet:-1","max-image-preview":"max-image-preview:large","max-video-preview":"max-video-preview:-1"},"canonical":"https:\/\/ccbierzo.com\/gl\/aviso-legal\/","og_locale":"gl_ES","og_type":"article","og_title":"Aviso Legal - Consejo Comarcal del Bierzo","og_description":"AVISO LEGAL Consejo Comarcal del Bierzo www.ccbierzo.net www.ccbierzo.com info@ccbierzo.com Copyright Los dise\u00f1os y materiales, que sean propiedad de este Consejo Comarcal del Bierzo, protegidos por las Leyes de Propiedad Intelectual y de Patentes y Marcas, no pueden ser copiados, reproducidos o bajados de la red sin su autorizaci\u00f3n escrita, excepto para usos de Planificaci\u00f3n e [&hellip;]","og_url":"https:\/\/ccbierzo.com\/gl\/aviso-legal\/","og_site_name":"Consejo Comarcal del Bierzo","twitter_card":"summary_large_image","twitter_misc":{"Tempo de lectura":"4 minutos"},"schema":{"@context":"https:\/\/schema.org","@graph":[{"@type":"WebPage","@id":"https:\/\/ccbierzo.com\/gl\/aviso-legal\/","url":"https:\/\/ccbierzo.com\/gl\/aviso-legal\/","name":"Aviso Legal - Consejo Comarcal del Bierzo","isPartOf":{"@id":"https:\/\/ccbierzo.com\/gl\/#website"},"datePublished":"2020-02-29T17:42:58+00:00","breadcrumb":{"@id":"https:\/\/ccbierzo.com\/gl\/aviso-legal\/#breadcrumb"},"inLanguage":"gl-ES","potentialAction":[{"@type":"ReadAction","target":["https:\/\/ccbierzo.com\/gl\/aviso-legal\/"]}]},{"@type":"BreadcrumbList","@id":"https:\/\/ccbierzo.com\/gl\/aviso-legal\/#breadcrumb","itemListElement":[{"@type":"ListItem","position":1,"name":"Portada","item":"https:\/\/ccbierzo.com\/gl\/"},{"@type":"ListItem","position":2,"name":"Aviso Legal"}]},{"@type":"WebSite","@id":"https:\/\/ccbierzo.com\/gl\/#website","url":"https:\/\/ccbierzo.com\/gl\/","name":"Consejo Comarcal del Bierzo","description":"P\u00e1gina Oficial del Consejo Comarcal del Bierzo","potentialAction":[{"@type":"SearchAction","target":{"@type":"EntryPoint","urlTemplate":"https:\/\/ccbierzo.com\/gl\/?s={search_term_string}"},"query-input":{"@type":"PropertyValueSpecification","valueRequired":true,"valueName":"search_term_string"}}],"inLanguage":"gl-ES"}]}},"_links":{"self":[{"href":"https:\/\/ccbierzo.com\/gl\/wp-json\/wp\/v2\/pages\/127886","targetHints":{"allow":["GET"]}}],"collection":[{"href":"https:\/\/ccbierzo.com\/gl\/wp-json\/wp\/v2\/pages"}],"about":[{"href":"https:\/\/ccbierzo.com\/gl\/wp-json\/wp\/v2\/types\/page"}],"author":[{"embeddable":true,"href":"https:\/\/ccbierzo.com\/gl\/wp-json\/wp\/v2\/users\/1"}],"replies":[{"embeddable":true,"href":"https:\/\/ccbierzo.com\/gl\/wp-json\/wp\/v2\/comments?post=127886"}],"version-history":[{"count":0,"href":"https:\/\/ccbierzo.com\/gl\/wp-json\/wp\/v2\/pages\/127886\/revisions"}],"wp:attachment":[{"href":"https:\/\/ccbierzo.com\/gl\/wp-json\/wp\/v2\/media?parent=127886"}],"curies":[{"name":"wp","href":"https:\/\/api.w.org\/{rel}","templated":true}]}}