{"id":127884,"date":"2020-02-29T18:20:55","date_gmt":"2020-02-29T17:20:55","guid":{"rendered":"https:\/\/ccbierzo.com\/politica-de-cookies\/"},"modified":"2020-02-29T18:33:25","modified_gmt":"2020-02-29T17:33:25","slug":"politica-de-cookies","status":"publish","type":"page","link":"https:\/\/ccbierzo.com\/gl\/politica-de-cookies\/","title":{"rendered":"Pol\u00edtica de Cookies"},"content":{"rendered":"<p>[et_pb_section fb_built=&#8221;1&#8243; _builder_version=&#8221;3.22&#8243; background_image=&#8221;https:\/\/ccbierzo.com\/wp-content\/uploads\/2018\/03\/cookies.jpg&#8221; custom_margin=&#8221;0px|0px|0px|0px&#8221; custom_padding=&#8221;450px|0px|0px|0px&#8221; top_divider_style=&#8221;wave2&#8243; top_divider_color=&#8221;#ffffff&#8221; top_divider_flip=&#8221;horizontal&#8221; top_divider_arrangement=&#8221;above_content&#8221; bottom_divider_style=&#8221;wave2&#8243; bottom_divider_color=&#8221;#ffffff&#8221; bottom_divider_height=&#8221;112px&#8221; bottom_divider_arrangement=&#8221;above_content&#8221;][et_pb_row use_custom_gutter=&#8221;on&#8221; gutter_width=&#8221;1&#8243; make_equal=&#8221;on&#8221; custom_padding_last_edited=&#8221;on|desktop&#8221; module_class=&#8221; et_pb_row_fullwidth&#8221; _builder_version=&#8221;3.25&#8243; background_size=&#8221;initial&#8221; background_position=&#8221;top_left&#8221; background_repeat=&#8221;repeat&#8221; width=&#8221;100%&#8221; width_tablet=&#8221;100%&#8221; width_last_edited=&#8221;on|desktop&#8221; max_width=&#8221;100%&#8221; max_width_tablet=&#8221;100%&#8221; max_width_last_edited=&#8221;on|desktop&#8221; module_alignment=&#8221;center&#8221; custom_margin=&#8221;0px|0px|0px|0px&#8221; custom_padding=&#8221;0px|0px|0px|0px&#8221; custom_padding_tablet=&#8221;&#8221; custom_padding_phone=&#8221;&#8221; make_fullwidth=&#8221;on&#8221;][et_pb_column type=&#8221;4_4&#8243; _builder_version=&#8221;3.25&#8243; custom_padding=&#8221;|||&#8221; custom_padding_last_edited=&#8221;off|desktop&#8221; padding_last_edited=&#8221;off|desktop&#8221; custom_padding__hover=&#8221;|||&#8221;][\/et_pb_column][\/et_pb_row][\/et_pb_section][et_pb_section fb_built=&#8221;1&#8243; _builder_version=&#8221;3.22&#8243; custom_margin=&#8221;|||&#8221; custom_padding=&#8221;0px|0px|80px|0px&#8221; top_divider_color=&#8221;#222222&#8243; top_divider_height=&#8221;92px&#8221; top_divider_arrangement=&#8221;above_content&#8221; bottom_divider_style=&#8221;wave2&#8243; bottom_divider_color=&#8221;#222222&#8243; bottom_divider_flip=&#8221;horizontal|vertical&#8221;][et_pb_row use_custom_gutter=&#8221;on&#8221; make_equal=&#8221;on&#8221; _builder_version=&#8221;3.25&#8243; max_width=&#8221;80%&#8221; use_custom_width=&#8221;on&#8221; width_unit=&#8221;off&#8221;][et_pb_column type=&#8221;4_4&#8243; _builder_version=&#8221;3.25&#8243; custom_padding=&#8221;|||&#8221; custom_padding__hover=&#8221;|||&#8221;][et_pb_text _builder_version=&#8221;4.3.4&#8243; text_font=&#8221;||||||||&#8221; header_font=&#8221;||||||||&#8221; max_width=&#8221;80%&#8221; module_alignment=&#8221;center&#8221; hover_enabled=&#8221;0&#8243;]<\/p>\n<h1><span style=\"color: #0ca3c9;\"><strong>COOKIES<\/strong><\/span><\/h1>\n<blockquote><p>Consello Comarcal de O Bierzo<br \/>\nwww.ccbierzo.net<br \/>\nwww.ccbierzo.com<br \/>\ninfo@ccbierzo.com<\/p><\/blockquote>\n<p>Utilizamos cookies propias e de terceiros para mellorar a experiencia de navegaci\u00f3n e xestionar os nosos espazos publicitarios. Ao continuar coa navegaci\u00f3n, entendemos que se acepta o seu uso.<\/p>\n<p><span style=\"color: #e02b20;\"><b>M\u00c1IS INFORMACI\u00d3N<\/b><\/span><\/p>\n<p>Informaci\u00f3n das cookies que se poden usar en ccbierzo.net das posibilidades que ten o visitante de permitilas, bloquealas, rexeitalas e eliminalas, as\u00ed como os m\u00e9todos para usar con cada navegador.<\/p>\n<p><span style=\"color: #e02b20;\"><b>Que s\u00f3n as cookies?<\/b><\/span><\/p>\n<p>Unha cookie \u00e9 un ficheiro que se descarga no seu dispositivo (ordenador, tableta, m\u00f3bil) ao acceder a determinadas p\u00e1xinas web. As cookies perm\u00edtenlle a unha p\u00e1xina web, entre outras cousas, almacenar e recuperar informaci\u00f3n sobre a navegaci\u00f3n e a usabilidade das p\u00e1xinas que axude a mellorar a s\u00faa funcionalidade eaparencia ou os servizos ofrecidos.<\/p>\n<p><b><span style=\"color: #e02b20;\">Que tipos de cookies podemos utilizar en ccbierzo.net?<br \/>\n<\/span><\/b><b><br \/>\n<\/b><b>Cookies t\u00e9cnicas:<\/b>\u00a0Son aquelas que lle permiten ao usuario a navegaci\u00f3n a trav\u00e9s dunha p\u00e1xina web, plataforma ou aplicaci\u00f3n e a utilizaci\u00f3n das diferentes opci\u00f3ns ou servizos que nela existan, comopor exemploidentificar a sesi\u00f3n, acceder a partes de acceso restrinxido ou compartir contidos a trav\u00e9s de redes sociais.<br \/>\n<b>Cookies de an\u00e1lise:<\/b>\u00a0Son aquelas que, se son ben tratadas por n\u00f3s ou por terceiros, nos permiten cuantificar o n\u00famero de usuarios e as\u00ed realizar a medici\u00f3n e a an\u00e1lise estat\u00edstica da utilizaci\u00f3n que fan os usuarios do servizo ofertado. Para iso anal\u00edzase a s\u00faa navegaci\u00f3n na nosa p\u00e1xina web, co fin de mellorar a oferta de produtos ou servizos que lle ofrecemos.<br \/>\n<b>Cookies publicitarias:<\/b>\u00a0Son aquelas que, se son ben tratadas por n\u00f3s ou por terceiros, nos permiten xestionar da forma m\u00e1is eficaz posible a oferta dos espazos publicitarios que hai na p\u00e1xina web, adecuando o contido do anuncio ao contido do servizo solicitado ou ao uso que se realice da nosa p\u00e1xina web. Para iso podemos analizar os h\u00e1bitos de navegaci\u00f3n en Internet e podemos mostrar publicidade relacionada co perfil de navegaci\u00f3n da persoa usuaria.<\/p>\n<p><b><span style=\"color: #e02b20;\">Cookies que poden ser usadas en ccbierzo.net<br \/>\n<\/span><\/b>Na seguinte t\u00e1boa, m\u00f3strase informaci\u00f3n sobre as cookies que se utilizan nesta web eind\u00edcase a s\u00faa orixe, tipo e funci\u00f3n.<\/p>\n<p style=\"padding-left: 30px;\"><b>Cookies propias de ccbierzo.net<br \/>\n<\/b>Permiten identificar a sesi\u00f3n e o usuario rexistrado. Son cookies t\u00e9cnicas imprescindibles para o funcionamento da nosa web.<br \/>\n<b>surveymonkey<\/b>. Permiten o funcionamento do bloque de enquisas que aparece nas nosas p\u00e1xinas.<br \/>\n<b>twitter.<\/b>\u00a0Permiten o funcionamento do bloque que mostra a cronolox\u00eda de twitter.<br \/>\n<b>facebook.<\/b>\u00a0Permiten o funcionamento do bloque que mostra a cronolox\u00eda de facebook.<\/p>\n<p style=\"padding-left: 30px;\"><b>Cookies de an\u00e1lise<br \/>\n<\/b><b>Google Analytics.<\/b>\u00a0Rexistra informaci\u00f3n sobre p\u00e1xinas vistas, orixes de tr\u00e1fico etempo de navegaci\u00f3n e realiza estat\u00edsticas e medici\u00f3ns.<br \/>\n<b>scorecardsearch. Comscore,<br \/>\n<\/b>Rexistra informaci\u00f3n sobre p\u00e1xinas vistas para realizar estat\u00edsticas.<\/p>\n<p style=\"padding-left: 30px;\"><b>Cookies publicitarias<br \/>\n<\/b><b>Bluekai,<\/b>\u00a0Pode xestionar a publicidade mostrada nos b\u00e1ners.<br \/>\n<b>SmartAdServer,<\/b>\u00a0Pode xestionar a publicidade mostrada nos b\u00e1ners.<br \/>\n<b>amgdgt.\u00a0<\/b>Adconion Media Group, pode xestionar a publicidade mostrada nos b\u00e1ners.<br \/>\n<b>leguide.<\/b>\u00a0Xestiona a publicidade mostrada nos distintos bloques de ofertas Ciao.<\/p>\n<p><b><span style=\"color: #e02b20;\">Como pode o visitante desactivar las cookies<br \/>\n<\/span><br \/>\n<\/b>Vostede pode permitir ou rexeitar as cookies desactiv\u00e1ndoas, bloque\u00e1ndoas ou elimin\u00e1ndoas do seu equipo mediante a configuraci\u00f3n das opci\u00f3ns do navegador instalado no seu ordenador.<br \/>\nConsulte a documentaci\u00f3n propia do seu navegador.<\/p>\n<p>&nbsp;<\/p>\n<p>&nbsp;<\/p>\n<p>&nbsp;<\/p>\n<p>&nbsp;<br \/>\n[\/et_pb_text][\/et_pb_column][\/et_pb_row][\/et_pb_section]<\/p>\n","protected":false},"excerpt":{"rendered":"<p>COOKIES Consello Comarcal de O Bierzo www.ccbierzo.net www.ccbierzo.com info@ccbierzo.com Utilizamos cookies propias e de terceiros para mellorar a experiencia de navegaci\u00f3n e xestionar os nosos espazos publicitarios. Ao continuar coa navegaci\u00f3n, entendemos que se acepta o seu uso. M\u00c1IS INFORMACI\u00d3N Informaci\u00f3n das cookies que se poden usar en ccbierzo.net das posibilidades que ten o visitante [&hellip;]<\/p>\n","protected":false},"author":1,"featured_media":0,"parent":0,"menu_order":100,"comment_status":"closed","ping_status":"closed","template":"","meta":{"_et_pb_use_builder":"on","_et_pb_old_content":"<p>This is an example page. It's different from a blog post because it will stay in one place and will show up in your site navigation (in most themes). Most people start with an About page that introduces them to potential site visitors. It might say something like this:<\/p><blockquote><p>Hi there! I'm a bike messenger by day, aspiring actor by night, and this is my website. I live in Los Angeles, have a great dog named Jack, and I like pi\u00f1a coladas. (And gettin' caught in the rain.)<\/p><\/blockquote><p>...or something like this:<\/p><blockquote><p>The XYZ Doohickey Company was founded in 1971, and has been providing quality doohickeys to the public ever since. Located in Gotham City, XYZ employs over 2,000 people and does all kinds of awesome things for the Gotham community.<\/p><\/blockquote><p>As a new WordPress user, you should go to <a href=\"https:\/\/ccbierzo.com\/wp-admin\/\">your dashboard<\/a> to delete this page and create new pages for your content. Have fun!<\/p>","_et_gb_content_width":"","footnotes":""},"class_list":["post-127884","page","type-page","status-publish","hentry"],"yoast_head":"<!-- This site is optimized with the Yoast SEO plugin v27.3 - https:\/\/yoast.com\/product\/yoast-seo-wordpress\/ -->\n<title>Pol\u00edtica de Cookies - Consejo Comarcal del Bierzo<\/title>\n<meta name=\"robots\" content=\"index, follow, max-snippet:-1, max-image-preview:large, max-video-preview:-1\" \/>\n<link rel=\"canonical\" href=\"https:\/\/ccbierzo.com\/gl\/politica-de-cookies\/\" \/>\n<meta property=\"og:locale\" content=\"gl_ES\" \/>\n<meta property=\"og:type\" content=\"article\" \/>\n<meta property=\"og:title\" content=\"Pol\u00edtica de Cookies - Consejo Comarcal del Bierzo\" \/>\n<meta property=\"og:description\" content=\"COOKIES Consello Comarcal de O Bierzo www.ccbierzo.net www.ccbierzo.com info@ccbierzo.com Utilizamos cookies propias e de terceiros para mellorar a experiencia de navegaci\u00f3n e xestionar os nosos espazos publicitarios. Ao continuar coa navegaci\u00f3n, entendemos que se acepta o seu uso. M\u00c1IS INFORMACI\u00d3N Informaci\u00f3n das cookies que se poden usar en ccbierzo.net das posibilidades que ten o visitante [&hellip;]\" \/>\n<meta property=\"og:url\" content=\"https:\/\/ccbierzo.com\/gl\/politica-de-cookies\/\" \/>\n<meta property=\"og:site_name\" content=\"Consejo Comarcal del Bierzo\" \/>\n<meta property=\"article:modified_time\" content=\"2020-02-29T17:33:25+00:00\" \/>\n<meta name=\"twitter:card\" content=\"summary_large_image\" \/>\n<meta name=\"twitter:label1\" content=\"Tempo de lectura\" \/>\n\t<meta name=\"twitter:data1\" content=\"4 minutos\" \/>\n<script type=\"application\/ld+json\" class=\"yoast-schema-graph\">{\"@context\":\"https:\\\/\\\/schema.org\",\"@graph\":[{\"@type\":\"WebPage\",\"@id\":\"https:\\\/\\\/ccbierzo.com\\\/gl\\\/politica-de-cookies\\\/\",\"url\":\"https:\\\/\\\/ccbierzo.com\\\/gl\\\/politica-de-cookies\\\/\",\"name\":\"Pol\u00edtica de Cookies - Consejo Comarcal del Bierzo\",\"isPartOf\":{\"@id\":\"https:\\\/\\\/ccbierzo.com\\\/gl\\\/#website\"},\"datePublished\":\"2020-02-29T17:20:55+00:00\",\"dateModified\":\"2020-02-29T17:33:25+00:00\",\"breadcrumb\":{\"@id\":\"https:\\\/\\\/ccbierzo.com\\\/gl\\\/politica-de-cookies\\\/#breadcrumb\"},\"inLanguage\":\"gl-ES\",\"potentialAction\":[{\"@type\":\"ReadAction\",\"target\":[\"https:\\\/\\\/ccbierzo.com\\\/gl\\\/politica-de-cookies\\\/\"]}]},{\"@type\":\"BreadcrumbList\",\"@id\":\"https:\\\/\\\/ccbierzo.com\\\/gl\\\/politica-de-cookies\\\/#breadcrumb\",\"itemListElement\":[{\"@type\":\"ListItem\",\"position\":1,\"name\":\"Portada\",\"item\":\"https:\\\/\\\/ccbierzo.com\\\/gl\\\/\"},{\"@type\":\"ListItem\",\"position\":2,\"name\":\"Pol\u00edtica de Cookies\"}]},{\"@type\":\"WebSite\",\"@id\":\"https:\\\/\\\/ccbierzo.com\\\/gl\\\/#website\",\"url\":\"https:\\\/\\\/ccbierzo.com\\\/gl\\\/\",\"name\":\"Consejo Comarcal del Bierzo\",\"description\":\"P\u00e1gina Oficial del Consejo Comarcal del Bierzo\",\"potentialAction\":[{\"@type\":\"SearchAction\",\"target\":{\"@type\":\"EntryPoint\",\"urlTemplate\":\"https:\\\/\\\/ccbierzo.com\\\/gl\\\/?s={search_term_string}\"},\"query-input\":{\"@type\":\"PropertyValueSpecification\",\"valueRequired\":true,\"valueName\":\"search_term_string\"}}],\"inLanguage\":\"gl-ES\"}]}<\/script>\n<!-- \/ Yoast SEO plugin. -->","yoast_head_json":{"title":"Pol\u00edtica de Cookies - Consejo Comarcal del Bierzo","robots":{"index":"index","follow":"follow","max-snippet":"max-snippet:-1","max-image-preview":"max-image-preview:large","max-video-preview":"max-video-preview:-1"},"canonical":"https:\/\/ccbierzo.com\/gl\/politica-de-cookies\/","og_locale":"gl_ES","og_type":"article","og_title":"Pol\u00edtica de Cookies - Consejo Comarcal del Bierzo","og_description":"COOKIES Consello Comarcal de O Bierzo www.ccbierzo.net www.ccbierzo.com info@ccbierzo.com Utilizamos cookies propias e de terceiros para mellorar a experiencia de navegaci\u00f3n e xestionar os nosos espazos publicitarios. Ao continuar coa navegaci\u00f3n, entendemos que se acepta o seu uso. M\u00c1IS INFORMACI\u00d3N Informaci\u00f3n das cookies que se poden usar en ccbierzo.net das posibilidades que ten o visitante [&hellip;]","og_url":"https:\/\/ccbierzo.com\/gl\/politica-de-cookies\/","og_site_name":"Consejo Comarcal del Bierzo","article_modified_time":"2020-02-29T17:33:25+00:00","twitter_card":"summary_large_image","twitter_misc":{"Tempo de lectura":"4 minutos"},"schema":{"@context":"https:\/\/schema.org","@graph":[{"@type":"WebPage","@id":"https:\/\/ccbierzo.com\/gl\/politica-de-cookies\/","url":"https:\/\/ccbierzo.com\/gl\/politica-de-cookies\/","name":"Pol\u00edtica de Cookies - Consejo Comarcal del Bierzo","isPartOf":{"@id":"https:\/\/ccbierzo.com\/gl\/#website"},"datePublished":"2020-02-29T17:20:55+00:00","dateModified":"2020-02-29T17:33:25+00:00","breadcrumb":{"@id":"https:\/\/ccbierzo.com\/gl\/politica-de-cookies\/#breadcrumb"},"inLanguage":"gl-ES","potentialAction":[{"@type":"ReadAction","target":["https:\/\/ccbierzo.com\/gl\/politica-de-cookies\/"]}]},{"@type":"BreadcrumbList","@id":"https:\/\/ccbierzo.com\/gl\/politica-de-cookies\/#breadcrumb","itemListElement":[{"@type":"ListItem","position":1,"name":"Portada","item":"https:\/\/ccbierzo.com\/gl\/"},{"@type":"ListItem","position":2,"name":"Pol\u00edtica de Cookies"}]},{"@type":"WebSite","@id":"https:\/\/ccbierzo.com\/gl\/#website","url":"https:\/\/ccbierzo.com\/gl\/","name":"Consejo Comarcal del Bierzo","description":"P\u00e1gina Oficial del Consejo Comarcal del Bierzo","potentialAction":[{"@type":"SearchAction","target":{"@type":"EntryPoint","urlTemplate":"https:\/\/ccbierzo.com\/gl\/?s={search_term_string}"},"query-input":{"@type":"PropertyValueSpecification","valueRequired":true,"valueName":"search_term_string"}}],"inLanguage":"gl-ES"}]}},"_links":{"self":[{"href":"https:\/\/ccbierzo.com\/gl\/wp-json\/wp\/v2\/pages\/127884","targetHints":{"allow":["GET"]}}],"collection":[{"href":"https:\/\/ccbierzo.com\/gl\/wp-json\/wp\/v2\/pages"}],"about":[{"href":"https:\/\/ccbierzo.com\/gl\/wp-json\/wp\/v2\/types\/page"}],"author":[{"embeddable":true,"href":"https:\/\/ccbierzo.com\/gl\/wp-json\/wp\/v2\/users\/1"}],"replies":[{"embeddable":true,"href":"https:\/\/ccbierzo.com\/gl\/wp-json\/wp\/v2\/comments?post=127884"}],"version-history":[{"count":0,"href":"https:\/\/ccbierzo.com\/gl\/wp-json\/wp\/v2\/pages\/127884\/revisions"}],"wp:attachment":[{"href":"https:\/\/ccbierzo.com\/gl\/wp-json\/wp\/v2\/media?parent=127884"}],"curies":[{"name":"wp","href":"https:\/\/api.w.org\/{rel}","templated":true}]}}