{"id":127880,"date":"2020-02-29T17:52:18","date_gmt":"2020-02-29T16:52:18","guid":{"rendered":"https:\/\/ccbierzo.com\/accesibilidade\/"},"modified":"2020-02-29T18:07:08","modified_gmt":"2020-02-29T17:07:08","slug":"accesibilidade","status":"publish","type":"page","link":"https:\/\/ccbierzo.com\/gl\/accesibilidade\/","title":{"rendered":"Accesibilidade"},"content":{"rendered":"<p>[et_pb_section fb_built=&#8221;1&#8243; _builder_version=&#8221;3.22&#8243; background_image=&#8221;https:\/\/ccbierzo.com\/wp-content\/uploads\/2018\/03\/accesibilidad-16&#215;9.jpg&#8221; parallax=&#8221;on&#8221; parallax_method=&#8221;off&#8221; custom_margin=&#8221;0px|0px|0px|0px&#8221; custom_padding=&#8221;500px|0px|0px|0px&#8221; top_divider_style=&#8221;wave2&#8243; top_divider_color=&#8221;#ffffff&#8221; top_divider_flip=&#8221;vertical|horizontal&#8221; bottom_divider_style=&#8221;wave2&#8243; bottom_divider_color=&#8221;#ffffff&#8221; bottom_divider_height=&#8221;112px&#8221; bottom_divider_arrangement=&#8221;above_content&#8221; hover_enabled=&#8221;0&#8243;][et_pb_row use_custom_gutter=&#8221;on&#8221; gutter_width=&#8221;1&#8243; make_equal=&#8221;on&#8221; custom_padding_last_edited=&#8221;on|desktop&#8221; module_class=&#8221; et_pb_row_fullwidth&#8221; _builder_version=&#8221;3.25&#8243; background_size=&#8221;initial&#8221; background_position=&#8221;top_left&#8221; background_repeat=&#8221;repeat&#8221; width=&#8221;100%&#8221; width_tablet=&#8221;100%&#8221; width_phone=&#8221;&#8221; width_last_edited=&#8221;on|desktop&#8221; max_width=&#8221;100%&#8221; max_width_tablet=&#8221;100%&#8221; max_width_phone=&#8221;&#8221; max_width_last_edited=&#8221;on|desktop&#8221; module_alignment=&#8221;center&#8221; custom_margin=&#8221;0px|0px|0px|0px&#8221; custom_padding=&#8221;0px|0px|0px|0px&#8221; custom_padding_tablet=&#8221;&#8221; custom_padding_phone=&#8221;&#8221; make_fullwidth=&#8221;on&#8221;][et_pb_column type=&#8221;4_4&#8243; _builder_version=&#8221;3.25&#8243; custom_padding=&#8221;|||&#8221; custom_padding_last_edited=&#8221;off|desktop&#8221; padding_last_edited=&#8221;off|desktop&#8221; custom_padding__hover=&#8221;|||&#8221;][et_pb_image show_bottom_space=&#8221;off&#8221; align=&#8221;center&#8221; force_fullwidth=&#8221;on&#8221; align_tablet=&#8221;center&#8221; align_phone=&#8221;&#8221; align_last_edited=&#8221;on|desktop&#8221; _builder_version=&#8221;3.23&#8243; custom_margin=&#8221;-250px|||&#8221; custom_padding=&#8221;|||&#8221; hover_enabled=&#8221;0&#8243;][\/et_pb_image][\/et_pb_column][\/et_pb_row][\/et_pb_section][et_pb_section fb_built=&#8221;1&#8243; _builder_version=&#8221;3.22&#8243; custom_padding=&#8221;0px|0px|80px|0px&#8221; top_divider_color=&#8221;#222222&#8243; top_divider_height=&#8221;92px&#8221; bottom_divider_style=&#8221;wave2&#8243; bottom_divider_color=&#8221;#222222&#8243; bottom_divider_flip=&#8221;vertical&#8221;][et_pb_row use_custom_gutter=&#8221;on&#8221; make_equal=&#8221;on&#8221; _builder_version=&#8221;3.25&#8243; max_width=&#8221;80%&#8221; use_custom_width=&#8221;on&#8221; width_unit=&#8221;off&#8221;][et_pb_column type=&#8221;4_4&#8243; _builder_version=&#8221;3.25&#8243; custom_padding=&#8221;|||&#8221; custom_padding__hover=&#8221;|||&#8221;][et_pb_text _builder_version=&#8221;3.27.4&#8243; max_width=&#8221;80%&#8221; module_alignment=&#8221;center&#8221;]<\/p>\n<h1><span style=\"color: #0ca3c9;\"><strong>ACCESIBILIDADE<\/strong><\/span><\/h1>\n<blockquote>\n<p>Consello Comarcal de O Bierzo<br \/> ccbierzo.net \u00e9 un portal de informaci\u00f3n e servizos p\u00fablicos para os cidad\u00e1ns e cidad\u00e1s que son ou que residen na Comarca de O Bierzo.<br \/> info@ccbierzo.com<br \/> O Consejo Comarcal ten o seu domicilio oficial na\u00a0<span class=\"gral\">Avenida da Miner\u00eda s\/n, 3\u00a0<\/span><span class=\"gral\">(Edificio Minero).\u00a0<\/span><span class=\"gral\">24402 Ponferrada (Le\u00f3n)<\/span><\/p>\n<\/blockquote>\n<p class=\"ficha\">Este portal desenvolvido polo Consejo Comarcal ten a vocaci\u00f3n de converterse nunha canle de comunicaci\u00f3n accesible e universal para toda a cidadan\u00eda.<br \/><span style=\"font-size: 14px;\">Por este motivo, utiliz\u00e1ronse nas s\u00faas construci\u00f3n as medidas e criterios que a continuaci\u00f3n se expo\u00f1en e que facilitan que as persoas usuarias obte\u00f1an coa menor dificultade posible a informaci\u00f3n e os servizos que po\u00f1emos \u00e1 s\u00faa disposici\u00f3n.<\/span><\/p>\n<p><span style=\"color: #e02b20;\"><b><br \/>1. USABILIDADE WEB<\/b><\/span><\/p>\n<p class=\"ficha\">Usabilidade significa colocar no centro do dese\u00f1o e na estruturaci\u00f3n de contidos as necesidades das persoas usuarias. Pretende que estes realicen as diferentes tarefas dispo\u00f1ibles con <em><strong>eficacia, eficiencia, rapidez<\/strong><\/em><strong>,<\/strong> <em><strong>facilidade e satisfacci\u00f3n.<br \/><\/strong><\/em>Para conseguir este obxectivo tiv\u00e9ronse en conta as opini\u00f3ns dos usuarios e usuarias aos que se lles realizaron test reais con navegaci\u00f3n no fogar.<\/p>\n<p><span style=\"color: #e02b20;\"><b>2. ACCESIBILIDADE WEB<br \/><\/b><\/span><\/p>\n<p class=\"ficha\">Consiste en <em><strong>lle facilitar o acceso<\/strong><\/em> \u00e1 web ao <em><strong>maior n\u00famero das persoas usuarias posible<\/strong><\/em>, independentemente das s\u00faas caracter\u00edsticas (capacidades\/limitaci\u00f3ns, hardware, software, comunicaci\u00f3ns etc.).<br \/>Para iso a web traballouse tendo en conta os seguintes est\u00e1ndares:<\/p>\n<p><em><strong>2.1. CSS.<\/strong><\/em><\/p>\n<p><span>O dese\u00f1o realizouse baixo a recomendaci\u00f3n do W3C sobre as follas de estilo en cadoiro (CSS). Se o navegador ou dispositivo de navegaci\u00f3n non soporta follas de estilo, o contido da web segue sendo totalmente lexible grazas ao seu marcado estrutural<\/span>.<\/p>\n<p><em><strong>2.2. WAI-AAA.<\/strong><\/em><\/p>\n<p><span>Este sitio web foi dese\u00f1ado e programado seguindo as directrices da iniciativa WAI (Web Accessibility Initiative, www.w3.org\/wai), que marca uns est\u00e1ndares internacionais na creaci\u00f3n de contidos web accesibles para todos.<br \/>Para analizar a accesibilidade de portal utilizouse o test de accesibilidade web (TAW). O portal cumpre a prioridade 3 (nivel de accesibilidade tripla A).<\/span><\/p>\n<p><span style=\"color: #e02b20;\"><b>3. MEDIDAS ADOPTADAS SOBRE USABILIDADE E ACCESIBILIDADE<\/b><\/span><\/p>\n<p><em><strong>ccbierzo.net<\/strong><\/em><\/p>\n<ul class=\"ficha\">\n<li>Orde l\u00f3xica e estandarizada de presentaci\u00f3n dos elementos en pantalla.<\/li>\n<li>Sistema de navegaci\u00f3n simplificado f\u00e1cil de aprender e usar.<\/li>\n<li>Navegaci\u00f3n, dese\u00f1o e estrutura visual coherente e consistente en toda a web.<\/li>\n<li>Marcaxe da localizaci\u00f3n (&#8220;Inicio ->&#8221;).<\/li>\n<li>Texto descritivo das imaxes.<\/li>\n<li>Navegaci\u00f3n mediante o tabulador.<\/li>\n<li>Optimizada para 1280 x 900 px.<\/li>\n<li>Utilizaci\u00f3n de tama\u00f1os relativos dos textos.<\/li>\n<li>Compatibilidade co maior n\u00famero de navegadores posible e en diferentes plataformas.<\/li>\n<\/ul>\n<p><span style=\"color: #e02b20;\"><b>4. COMO CAMBIAR O TAMA\u00d1O DO TEXTO<\/b><\/span><\/p>\n<p class=\"ficha\">Se desexa aumentar ou diminu\u00edr o tama\u00f1o da presentaci\u00f3n, pode facelo:<\/p>\n<ul class=\"listaBase\">\n<li>mediante o teclado:\n<ul class=\"listaBase2\">\n<li>Internet Explorer: pulsando a tecla ctrl e utilizando a rodi\u00f1a do rato.<\/li>\n<li>Netscape, Mozilla Firefox:\n<ul>\n<li>tecla ctrl + tecla &#8216;+&#8217; para aumentar<\/li>\n<li>tecla ctrl + tecla &#8216;-&#8216; para diminu\u00edr<\/li>\n<\/ul>\n<\/li>\n<li>Safari (APPLE):<br \/>tecla cmd + tecla &#8216;+&#8217; para aumentar<br \/>tecla cmd + tecla &#8216;-&#8216; para diminu\u00edr<\/li>\n<\/ul>\n<\/li>\n<\/ul>\n<p>[\/et_pb_text][\/et_pb_column][\/et_pb_row][\/et_pb_section]<\/p>\n","protected":false},"excerpt":{"rendered":"<p>ACCESIBILIDADE Consello Comarcal de O Bierzo ccbierzo.net \u00e9 un portal de informaci\u00f3n e servizos p\u00fablicos para os cidad\u00e1ns e cidad\u00e1s que son ou que residen na Comarca de O Bierzo. info@ccbierzo.com O Consejo Comarcal ten o seu domicilio oficial na\u00a0Avenida da Miner\u00eda s\/n, 3\u00a0(Edificio Minero).\u00a024402 Ponferrada (Le\u00f3n) Este portal desenvolvido polo Consejo Comarcal ten a [&hellip;]<\/p>\n","protected":false},"author":1,"featured_media":0,"parent":0,"menu_order":101,"comment_status":"closed","ping_status":"closed","template":"","meta":{"_et_pb_use_builder":"on","_et_pb_old_content":"<p>This is an example page. It's different from a blog post because it will stay in one place and will show up in your site navigation (in most themes). Most people start with an About page that introduces them to potential site visitors. It might say something like this:<\/p><blockquote><p>Hi there! I'm a bike messenger by day, aspiring actor by night, and this is my website. I live in Los Angeles, have a great dog named Jack, and I like pi\u00f1a coladas. (And gettin' caught in the rain.)<\/p><\/blockquote><p>...or something like this:<\/p><blockquote><p>The XYZ Doohickey Company was founded in 1971, and has been providing quality doohickeys to the public ever since. Located in Gotham City, XYZ employs over 2,000 people and does all kinds of awesome things for the Gotham community.<\/p><\/blockquote><p>As a new WordPress user, you should go to <a href=\"https:\/\/ccbierzo.com\/wp-admin\/\">your dashboard<\/a> to delete this page and create new pages for your content. Have fun!<\/p>","_et_gb_content_width":"","footnotes":""},"class_list":["post-127880","page","type-page","status-publish","hentry"],"yoast_head":"<!-- This site is optimized with the Yoast SEO plugin v27.3 - https:\/\/yoast.com\/product\/yoast-seo-wordpress\/ -->\n<title>Accesibilidade - Consejo Comarcal del Bierzo<\/title>\n<meta name=\"robots\" content=\"index, follow, max-snippet:-1, max-image-preview:large, max-video-preview:-1\" \/>\n<link rel=\"canonical\" href=\"https:\/\/ccbierzo.com\/gl\/accesibilidade\/\" \/>\n<meta property=\"og:locale\" content=\"gl_ES\" \/>\n<meta property=\"og:type\" content=\"article\" \/>\n<meta property=\"og:title\" content=\"Accesibilidade - Consejo Comarcal del Bierzo\" \/>\n<meta property=\"og:description\" content=\"ACCESIBILIDADE Consello Comarcal de O Bierzo ccbierzo.net \u00e9 un portal de informaci\u00f3n e servizos p\u00fablicos para os cidad\u00e1ns e cidad\u00e1s que son ou que residen na Comarca de O Bierzo. info@ccbierzo.com O Consejo Comarcal ten o seu domicilio oficial na\u00a0Avenida da Miner\u00eda s\/n, 3\u00a0(Edificio Minero).\u00a024402 Ponferrada (Le\u00f3n) Este portal desenvolvido polo Consejo Comarcal ten a [&hellip;]\" \/>\n<meta property=\"og:url\" content=\"https:\/\/ccbierzo.com\/gl\/accesibilidade\/\" \/>\n<meta property=\"og:site_name\" content=\"Consejo Comarcal del Bierzo\" \/>\n<meta property=\"article:modified_time\" content=\"2020-02-29T17:07:08+00:00\" \/>\n<meta name=\"twitter:card\" content=\"summary_large_image\" \/>\n<meta name=\"twitter:label1\" content=\"Tempo de lectura\" \/>\n\t<meta name=\"twitter:data1\" content=\"4 minutos\" \/>\n<script type=\"application\/ld+json\" class=\"yoast-schema-graph\">{\"@context\":\"https:\\\/\\\/schema.org\",\"@graph\":[{\"@type\":\"WebPage\",\"@id\":\"https:\\\/\\\/ccbierzo.com\\\/gl\\\/accesibilidade\\\/\",\"url\":\"https:\\\/\\\/ccbierzo.com\\\/gl\\\/accesibilidade\\\/\",\"name\":\"Accesibilidade - Consejo Comarcal del Bierzo\",\"isPartOf\":{\"@id\":\"https:\\\/\\\/ccbierzo.com\\\/gl\\\/#website\"},\"datePublished\":\"2020-02-29T16:52:18+00:00\",\"dateModified\":\"2020-02-29T17:07:08+00:00\",\"breadcrumb\":{\"@id\":\"https:\\\/\\\/ccbierzo.com\\\/gl\\\/accesibilidade\\\/#breadcrumb\"},\"inLanguage\":\"gl-ES\",\"potentialAction\":[{\"@type\":\"ReadAction\",\"target\":[\"https:\\\/\\\/ccbierzo.com\\\/gl\\\/accesibilidade\\\/\"]}]},{\"@type\":\"BreadcrumbList\",\"@id\":\"https:\\\/\\\/ccbierzo.com\\\/gl\\\/accesibilidade\\\/#breadcrumb\",\"itemListElement\":[{\"@type\":\"ListItem\",\"position\":1,\"name\":\"Portada\",\"item\":\"https:\\\/\\\/ccbierzo.com\\\/gl\\\/\"},{\"@type\":\"ListItem\",\"position\":2,\"name\":\"Accesibilidade\"}]},{\"@type\":\"WebSite\",\"@id\":\"https:\\\/\\\/ccbierzo.com\\\/gl\\\/#website\",\"url\":\"https:\\\/\\\/ccbierzo.com\\\/gl\\\/\",\"name\":\"Consejo Comarcal del Bierzo\",\"description\":\"P\u00e1gina Oficial del Consejo Comarcal del Bierzo\",\"potentialAction\":[{\"@type\":\"SearchAction\",\"target\":{\"@type\":\"EntryPoint\",\"urlTemplate\":\"https:\\\/\\\/ccbierzo.com\\\/gl\\\/?s={search_term_string}\"},\"query-input\":{\"@type\":\"PropertyValueSpecification\",\"valueRequired\":true,\"valueName\":\"search_term_string\"}}],\"inLanguage\":\"gl-ES\"}]}<\/script>\n<!-- \/ Yoast SEO plugin. -->","yoast_head_json":{"title":"Accesibilidade - Consejo Comarcal del Bierzo","robots":{"index":"index","follow":"follow","max-snippet":"max-snippet:-1","max-image-preview":"max-image-preview:large","max-video-preview":"max-video-preview:-1"},"canonical":"https:\/\/ccbierzo.com\/gl\/accesibilidade\/","og_locale":"gl_ES","og_type":"article","og_title":"Accesibilidade - Consejo Comarcal del Bierzo","og_description":"ACCESIBILIDADE Consello Comarcal de O Bierzo ccbierzo.net \u00e9 un portal de informaci\u00f3n e servizos p\u00fablicos para os cidad\u00e1ns e cidad\u00e1s que son ou que residen na Comarca de O Bierzo. info@ccbierzo.com O Consejo Comarcal ten o seu domicilio oficial na\u00a0Avenida da Miner\u00eda s\/n, 3\u00a0(Edificio Minero).\u00a024402 Ponferrada (Le\u00f3n) Este portal desenvolvido polo Consejo Comarcal ten a [&hellip;]","og_url":"https:\/\/ccbierzo.com\/gl\/accesibilidade\/","og_site_name":"Consejo Comarcal del Bierzo","article_modified_time":"2020-02-29T17:07:08+00:00","twitter_card":"summary_large_image","twitter_misc":{"Tempo de lectura":"4 minutos"},"schema":{"@context":"https:\/\/schema.org","@graph":[{"@type":"WebPage","@id":"https:\/\/ccbierzo.com\/gl\/accesibilidade\/","url":"https:\/\/ccbierzo.com\/gl\/accesibilidade\/","name":"Accesibilidade - Consejo Comarcal del Bierzo","isPartOf":{"@id":"https:\/\/ccbierzo.com\/gl\/#website"},"datePublished":"2020-02-29T16:52:18+00:00","dateModified":"2020-02-29T17:07:08+00:00","breadcrumb":{"@id":"https:\/\/ccbierzo.com\/gl\/accesibilidade\/#breadcrumb"},"inLanguage":"gl-ES","potentialAction":[{"@type":"ReadAction","target":["https:\/\/ccbierzo.com\/gl\/accesibilidade\/"]}]},{"@type":"BreadcrumbList","@id":"https:\/\/ccbierzo.com\/gl\/accesibilidade\/#breadcrumb","itemListElement":[{"@type":"ListItem","position":1,"name":"Portada","item":"https:\/\/ccbierzo.com\/gl\/"},{"@type":"ListItem","position":2,"name":"Accesibilidade"}]},{"@type":"WebSite","@id":"https:\/\/ccbierzo.com\/gl\/#website","url":"https:\/\/ccbierzo.com\/gl\/","name":"Consejo Comarcal del Bierzo","description":"P\u00e1gina Oficial del Consejo Comarcal del Bierzo","potentialAction":[{"@type":"SearchAction","target":{"@type":"EntryPoint","urlTemplate":"https:\/\/ccbierzo.com\/gl\/?s={search_term_string}"},"query-input":{"@type":"PropertyValueSpecification","valueRequired":true,"valueName":"search_term_string"}}],"inLanguage":"gl-ES"}]}},"_links":{"self":[{"href":"https:\/\/ccbierzo.com\/gl\/wp-json\/wp\/v2\/pages\/127880","targetHints":{"allow":["GET"]}}],"collection":[{"href":"https:\/\/ccbierzo.com\/gl\/wp-json\/wp\/v2\/pages"}],"about":[{"href":"https:\/\/ccbierzo.com\/gl\/wp-json\/wp\/v2\/types\/page"}],"author":[{"embeddable":true,"href":"https:\/\/ccbierzo.com\/gl\/wp-json\/wp\/v2\/users\/1"}],"replies":[{"embeddable":true,"href":"https:\/\/ccbierzo.com\/gl\/wp-json\/wp\/v2\/comments?post=127880"}],"version-history":[{"count":0,"href":"https:\/\/ccbierzo.com\/gl\/wp-json\/wp\/v2\/pages\/127880\/revisions"}],"wp:attachment":[{"href":"https:\/\/ccbierzo.com\/gl\/wp-json\/wp\/v2\/media?parent=127880"}],"curies":[{"name":"wp","href":"https:\/\/api.w.org\/{rel}","templated":true}]}}