{"id":127861,"date":"2020-02-28T21:44:27","date_gmt":"2020-02-28T20:44:27","guid":{"rendered":"https:\/\/ccbierzo.com\/rexistro-de-asociacions\/"},"modified":"2023-02-12T11:59:43","modified_gmt":"2023-02-12T10:59:43","slug":"rexistro-de-asociacions","status":"publish","type":"page","link":"https:\/\/ccbierzo.com\/gl\/tramites\/rexistro-de-asociacions\/","title":{"rendered":"Rexistro de Asociaci\u00f3ns"},"content":{"rendered":"<p>[et_pb_section fb_built=&#8221;1&#8243; custom_padding_last_edited=&#8221;on|desktop&#8221; _builder_version=&#8221;4.16&#8243; background_color=&#8221;#999999&#8243; parallax=&#8221;on&#8221; custom_margin=&#8221;0px|0px|0px|0px&#8221; custom_padding=&#8221;100px|0px|100px|0px|false|false&#8221; custom_padding_tablet=&#8221;||70px|&#8221; custom_padding_phone=&#8221;100px||40px|&#8221; top_divider_style=&#8221;wave2&#8243; top_divider_color=&#8221;#ffffff&#8221; top_divider_flip=&#8221;vertical&#8221; top_divider_height_tablet=&#8221;60px&#8221; top_divider_height_phone=&#8221;40px&#8221; top_divider_height_last_edited=&#8221;on|desktop&#8221; bottom_divider_style=&#8221;wave2&#8243; bottom_divider_color=&#8221;#ffffff&#8221; bottom_divider_arrangement=&#8221;above_content&#8221; bottom_divider_height_tablet=&#8221;60px&#8221; bottom_divider_height_phone=&#8221;30px&#8221; bottom_divider_height_last_edited=&#8221;on|phone&#8221; box_shadow_style=&#8221;preset3&#8243; box_shadow_vertical=&#8221;80px&#8221; box_shadow_blur=&#8221;80px&#8221; box_shadow_spread=&#8221;9px&#8221; box_shadow_position=&#8221;inner&#8221; saved_tabs=&#8221;all&#8221; global_colors_info=&#8221;{}&#8221;][et_pb_row make_equal=&#8221;on&#8221; _builder_version=&#8221;4.16&#8243; max_width=&#8221;80%&#8221; use_custom_width=&#8221;on&#8221; width_unit=&#8221;off&#8221; global_colors_info=&#8221;{}&#8221;][et_pb_column type=&#8221;4_4&#8243; _builder_version=&#8221;4.16&#8243; custom_padding=&#8221;|||&#8221; global_colors_info=&#8221;{}&#8221; custom_padding__hover=&#8221;|||&#8221;][et_pb_text admin_label=&#8221;Marcas del Consejo&#8221; _builder_version=&#8221;4.16&#8243; text_font=&#8221;Open Sans|300||on|||||&#8221; text_text_color=&#8221;#ffffff&#8221; text_font_size=&#8221;36px&#8221; text_letter_spacing=&#8221;14px&#8221; header_font=&#8221;|||on|||||&#8221; header_text_align=&#8221;center&#8221; header_font_size=&#8221;35px&#8221; header_letter_spacing=&#8221;10px&#8221; header_line_height=&#8221;1.5em&#8221; text_orientation=&#8221;center&#8221; background_layout=&#8221;dark&#8221; text_font_size_tablet=&#8221;30px&#8221; text_font_size_phone=&#8221;24px&#8221; text_font_size_last_edited=&#8221;on|phone&#8221; text_letter_spacing_tablet=&#8221;&#8221; text_letter_spacing_phone=&#8221;&#8221; text_letter_spacing_last_edited=&#8221;on|desktop&#8221; header_font_size_tablet=&#8221;30px&#8221; header_font_size_phone=&#8221;32px&#8221; header_font_size_last_edited=&#8221;on|phone&#8221; header_letter_spacing_tablet=&#8221;&#8221; header_letter_spacing_phone=&#8221;8px&#8221; header_letter_spacing_last_edited=&#8221;on|phone&#8221; header_line_height_tablet=&#8221;&#8221; header_line_height_phone=&#8221;&#8221; header_line_height_last_edited=&#8221;on|phone&#8221; global_colors_info=&#8221;{}&#8221;]<\/p>\n<h1>REXISTRO DE ASOCIACI\u00d3NS<\/h1>\n<p>[\/et_pb_text][\/et_pb_column][\/et_pb_row][\/et_pb_section][et_pb_section fb_built=&#8221;1&#8243; _builder_version=&#8221;4.16&#8243; custom_padding=&#8221;100px|0px|120px|0px&#8221; bottom_divider_style=&#8221;wave2&#8243; bottom_divider_color=&#8221;#222222&#8243; bottom_divider_height_tablet=&#8221;60px&#8221; bottom_divider_height_phone=&#8221;40px&#8221; bottom_divider_height_last_edited=&#8221;on|phone&#8221; global_colors_info=&#8221;{}&#8221;][et_pb_row _builder_version=&#8221;4.16&#8243; background_size=&#8221;initial&#8221; background_position=&#8221;top_left&#8221; background_repeat=&#8221;repeat&#8221; custom_padding=&#8221;3px|0px|50px|0px|false|false&#8221; global_colors_info=&#8221;{}&#8221;][et_pb_column type=&#8221;4_4&#8243; _builder_version=&#8221;4.16&#8243; custom_padding=&#8221;|||&#8221; global_colors_info=&#8221;{}&#8221; custom_padding__hover=&#8221;|||&#8221;][et_pb_text _builder_version=&#8221;4.19.5&#8243; text_font_size=&#8221;16px&#8221; hover_enabled=&#8221;0&#8243; global_colors_info=&#8221;{}&#8221; sticky_enabled=&#8221;0&#8243;]<\/p>\n<p class=\"ficha\" style=\"text-align: left;\">O Consello Comarcal disp\u00f3n dun <strong>rexistro propio de asociaci\u00f3ns<\/strong>, destinado a aquelas que se constit\u00faan na comarca.<br \/><strong>Para rexistrarse \u00e9 necesario descargar a solicitude e achegar a documentaci\u00f3n que nela se indica.<\/strong><\/p>\n<p class=\"ficha\">As asociaci\u00f3ns rexistradas no Rexistro Comarcal poden optar \u00e1s subvenci\u00f3ns que anualmente concede o Consello Comarcal de O Bierzo.<\/p>\n<p>[\/et_pb_text][\/et_pb_column][\/et_pb_row][et_pb_row use_custom_gutter=&#8221;on&#8221; gutter_width=&#8221;1&#8243; make_equal=&#8221;on&#8221; _builder_version=&#8221;4.16&#8243; background_size=&#8221;initial&#8221; background_position=&#8221;top_left&#8221; background_repeat=&#8221;repeat&#8221; width=&#8221;75%&#8221; max_width=&#8221;75%&#8221; custom_padding=&#8221;3px|0px|50px|0px|false|false&#8221; use_custom_width=&#8221;on&#8221; width_unit=&#8221;off&#8221; custom_width_percent=&#8221;75%&#8221; global_colors_info=&#8221;{}&#8221;][et_pb_column type=&#8221;4_4&#8243; _builder_version=&#8221;4.16&#8243; custom_padding=&#8221;|||&#8221; global_colors_info=&#8221;{}&#8221; custom_padding__hover=&#8221;|||&#8221;][et_pb_blurb title=&#8221;DESCARGA DE ARQUIVOS&#8221; url=&#8221;https:\/\/ccbierzo.com\/wp-content\/uploads\/2023\/02\/SOLICITUD-REGISTRO-ASOCIACIONES.pdf&#8221; url_new_window=&#8221;on&#8221; use_icon=&#8221;on&#8221; font_icon=&#8221;&#xe05f;||divi||400&#8243; icon_color=&#8221;#e02b20&#8243; content_max_width=&#8221;100%&#8221; content_max_width_tablet=&#8221;&#8221; content_max_width_phone=&#8221;50%&#8221; content_max_width_last_edited=&#8221;on|phone&#8221; _builder_version=&#8221;4.19.5&#8243; header_font=&#8221;|||on|||||&#8221; header_text_align=&#8221;center&#8221; body_text_align=&#8221;center&#8221; body_text_color=&#8221;#999999&#8243; background_color=&#8221;#ffffff&#8221; text_orientation=&#8221;center&#8221; custom_margin=&#8221;|||&#8221; custom_padding=&#8221;20px|20px|20px|20px&#8221; hover_enabled=&#8221;0&#8243; border_width_all=&#8221;1px&#8221; border_color_all=&#8221;#dddddd&#8221; box_shadow_style=&#8221;preset3&#8243; global_colors_info=&#8221;{}&#8221; sticky_enabled=&#8221;0&#8243;]<\/p>\n<p><span style=\"font-size: 14.000000953674316px;\">Fai clic no bot\u00f3n do cartafol (arriba) para descargar o documento: (en formato PDF\/PDF \u2013 idioma castel\u00e1n)<br \/><strong>&#8220;Instancia solicitude Rexistro de Asociaci\u00f3ns&#8221;<\/strong>.<\/span><\/p>\n<p>[\/et_pb_blurb][\/et_pb_column][\/et_pb_row][\/et_pb_section]<\/p>\n","protected":false},"excerpt":{"rendered":"<p>REXISTRO DE ASOCIACI\u00d3NSO Consello Comarcal disp\u00f3n dun rexistro propio de asociaci\u00f3ns, destinado a aquelas que se constit\u00faan na comarca.Para rexistrarse \u00e9 necesario descargar a solicitude e achegar a documentaci\u00f3n que nela se indica. As asociaci\u00f3ns rexistradas no Rexistro Comarcal poden optar \u00e1s subvenci\u00f3ns que anualmente concede o Consello Comarcal de O Bierzo.Fai clic no bot\u00f3n [&hellip;]<\/p>\n","protected":false},"author":1,"featured_media":0,"parent":127869,"menu_order":1,"comment_status":"closed","ping_status":"closed","template":"","meta":{"_et_pb_use_builder":"on","_et_pb_old_content":"","_et_gb_content_width":"","footnotes":""},"class_list":["post-127861","page","type-page","status-publish","hentry"],"yoast_head":"<!-- This site is optimized with the Yoast SEO plugin v27.3 - https:\/\/yoast.com\/product\/yoast-seo-wordpress\/ -->\n<title>Rexistro de Asociaci\u00f3ns - Consejo Comarcal del Bierzo<\/title>\n<meta name=\"robots\" content=\"index, follow, max-snippet:-1, max-image-preview:large, max-video-preview:-1\" \/>\n<link rel=\"canonical\" href=\"https:\/\/ccbierzo.com\/gl\/tramites\/rexistro-de-asociacions\/\" \/>\n<meta property=\"og:locale\" content=\"gl_ES\" \/>\n<meta property=\"og:type\" content=\"article\" \/>\n<meta property=\"og:title\" content=\"Rexistro de Asociaci\u00f3ns - Consejo Comarcal del Bierzo\" \/>\n<meta property=\"og:description\" content=\"REXISTRO DE ASOCIACI\u00d3NSO Consello Comarcal disp\u00f3n dun rexistro propio de asociaci\u00f3ns, destinado a aquelas que se constit\u00faan na comarca.Para rexistrarse \u00e9 necesario descargar a solicitude e achegar a documentaci\u00f3n que nela se indica. As asociaci\u00f3ns rexistradas no Rexistro Comarcal poden optar \u00e1s subvenci\u00f3ns que anualmente concede o Consello Comarcal de O Bierzo.Fai clic no bot\u00f3n [&hellip;]\" \/>\n<meta property=\"og:url\" content=\"https:\/\/ccbierzo.com\/gl\/tramites\/rexistro-de-asociacions\/\" \/>\n<meta property=\"og:site_name\" content=\"Consejo Comarcal del Bierzo\" \/>\n<meta property=\"article:modified_time\" content=\"2023-02-12T10:59:43+00:00\" \/>\n<meta name=\"twitter:card\" content=\"summary_large_image\" \/>\n<meta name=\"twitter:label1\" content=\"Tempo de lectura\" \/>\n\t<meta name=\"twitter:data1\" content=\"3 minutos\" \/>\n<script type=\"application\/ld+json\" class=\"yoast-schema-graph\">{\"@context\":\"https:\\\/\\\/schema.org\",\"@graph\":[{\"@type\":\"WebPage\",\"@id\":\"https:\\\/\\\/ccbierzo.com\\\/gl\\\/tramites\\\/rexistro-de-asociacions\\\/\",\"url\":\"https:\\\/\\\/ccbierzo.com\\\/gl\\\/tramites\\\/rexistro-de-asociacions\\\/\",\"name\":\"Rexistro de Asociaci\u00f3ns - Consejo Comarcal del Bierzo\",\"isPartOf\":{\"@id\":\"https:\\\/\\\/ccbierzo.com\\\/gl\\\/#website\"},\"datePublished\":\"2020-02-28T20:44:27+00:00\",\"dateModified\":\"2023-02-12T10:59:43+00:00\",\"breadcrumb\":{\"@id\":\"https:\\\/\\\/ccbierzo.com\\\/gl\\\/tramites\\\/rexistro-de-asociacions\\\/#breadcrumb\"},\"inLanguage\":\"gl-ES\",\"potentialAction\":[{\"@type\":\"ReadAction\",\"target\":[\"https:\\\/\\\/ccbierzo.com\\\/gl\\\/tramites\\\/rexistro-de-asociacions\\\/\"]}]},{\"@type\":\"BreadcrumbList\",\"@id\":\"https:\\\/\\\/ccbierzo.com\\\/gl\\\/tramites\\\/rexistro-de-asociacions\\\/#breadcrumb\",\"itemListElement\":[{\"@type\":\"ListItem\",\"position\":1,\"name\":\"Portada\",\"item\":\"https:\\\/\\\/ccbierzo.com\\\/gl\\\/\"},{\"@type\":\"ListItem\",\"position\":2,\"name\":\"Tr\u00e1mites\",\"item\":\"https:\\\/\\\/ccbierzo.com\\\/gl\\\/tramites\\\/\"},{\"@type\":\"ListItem\",\"position\":3,\"name\":\"Rexistro de Asociaci\u00f3ns\"}]},{\"@type\":\"WebSite\",\"@id\":\"https:\\\/\\\/ccbierzo.com\\\/gl\\\/#website\",\"url\":\"https:\\\/\\\/ccbierzo.com\\\/gl\\\/\",\"name\":\"Consejo Comarcal del Bierzo\",\"description\":\"P\u00e1gina Oficial del Consejo Comarcal del Bierzo\",\"potentialAction\":[{\"@type\":\"SearchAction\",\"target\":{\"@type\":\"EntryPoint\",\"urlTemplate\":\"https:\\\/\\\/ccbierzo.com\\\/gl\\\/?s={search_term_string}\"},\"query-input\":{\"@type\":\"PropertyValueSpecification\",\"valueRequired\":true,\"valueName\":\"search_term_string\"}}],\"inLanguage\":\"gl-ES\"}]}<\/script>\n<!-- \/ Yoast SEO plugin. -->","yoast_head_json":{"title":"Rexistro de Asociaci\u00f3ns - Consejo Comarcal del Bierzo","robots":{"index":"index","follow":"follow","max-snippet":"max-snippet:-1","max-image-preview":"max-image-preview:large","max-video-preview":"max-video-preview:-1"},"canonical":"https:\/\/ccbierzo.com\/gl\/tramites\/rexistro-de-asociacions\/","og_locale":"gl_ES","og_type":"article","og_title":"Rexistro de Asociaci\u00f3ns - Consejo Comarcal del Bierzo","og_description":"REXISTRO DE ASOCIACI\u00d3NSO Consello Comarcal disp\u00f3n dun rexistro propio de asociaci\u00f3ns, destinado a aquelas que se constit\u00faan na comarca.Para rexistrarse \u00e9 necesario descargar a solicitude e achegar a documentaci\u00f3n que nela se indica. As asociaci\u00f3ns rexistradas no Rexistro Comarcal poden optar \u00e1s subvenci\u00f3ns que anualmente concede o Consello Comarcal de O Bierzo.Fai clic no bot\u00f3n [&hellip;]","og_url":"https:\/\/ccbierzo.com\/gl\/tramites\/rexistro-de-asociacions\/","og_site_name":"Consejo Comarcal del Bierzo","article_modified_time":"2023-02-12T10:59:43+00:00","twitter_card":"summary_large_image","twitter_misc":{"Tempo de lectura":"3 minutos"},"schema":{"@context":"https:\/\/schema.org","@graph":[{"@type":"WebPage","@id":"https:\/\/ccbierzo.com\/gl\/tramites\/rexistro-de-asociacions\/","url":"https:\/\/ccbierzo.com\/gl\/tramites\/rexistro-de-asociacions\/","name":"Rexistro de Asociaci\u00f3ns - Consejo Comarcal del Bierzo","isPartOf":{"@id":"https:\/\/ccbierzo.com\/gl\/#website"},"datePublished":"2020-02-28T20:44:27+00:00","dateModified":"2023-02-12T10:59:43+00:00","breadcrumb":{"@id":"https:\/\/ccbierzo.com\/gl\/tramites\/rexistro-de-asociacions\/#breadcrumb"},"inLanguage":"gl-ES","potentialAction":[{"@type":"ReadAction","target":["https:\/\/ccbierzo.com\/gl\/tramites\/rexistro-de-asociacions\/"]}]},{"@type":"BreadcrumbList","@id":"https:\/\/ccbierzo.com\/gl\/tramites\/rexistro-de-asociacions\/#breadcrumb","itemListElement":[{"@type":"ListItem","position":1,"name":"Portada","item":"https:\/\/ccbierzo.com\/gl\/"},{"@type":"ListItem","position":2,"name":"Tr\u00e1mites","item":"https:\/\/ccbierzo.com\/gl\/tramites\/"},{"@type":"ListItem","position":3,"name":"Rexistro de Asociaci\u00f3ns"}]},{"@type":"WebSite","@id":"https:\/\/ccbierzo.com\/gl\/#website","url":"https:\/\/ccbierzo.com\/gl\/","name":"Consejo Comarcal del Bierzo","description":"P\u00e1gina Oficial del Consejo Comarcal del Bierzo","potentialAction":[{"@type":"SearchAction","target":{"@type":"EntryPoint","urlTemplate":"https:\/\/ccbierzo.com\/gl\/?s={search_term_string}"},"query-input":{"@type":"PropertyValueSpecification","valueRequired":true,"valueName":"search_term_string"}}],"inLanguage":"gl-ES"}]}},"_links":{"self":[{"href":"https:\/\/ccbierzo.com\/gl\/wp-json\/wp\/v2\/pages\/127861","targetHints":{"allow":["GET"]}}],"collection":[{"href":"https:\/\/ccbierzo.com\/gl\/wp-json\/wp\/v2\/pages"}],"about":[{"href":"https:\/\/ccbierzo.com\/gl\/wp-json\/wp\/v2\/types\/page"}],"author":[{"embeddable":true,"href":"https:\/\/ccbierzo.com\/gl\/wp-json\/wp\/v2\/users\/1"}],"replies":[{"embeddable":true,"href":"https:\/\/ccbierzo.com\/gl\/wp-json\/wp\/v2\/comments?post=127861"}],"version-history":[{"count":0,"href":"https:\/\/ccbierzo.com\/gl\/wp-json\/wp\/v2\/pages\/127861\/revisions"}],"up":[{"embeddable":true,"href":"https:\/\/ccbierzo.com\/gl\/wp-json\/wp\/v2\/pages\/127869"}],"wp:attachment":[{"href":"https:\/\/ccbierzo.com\/gl\/wp-json\/wp\/v2\/media?parent=127861"}],"curies":[{"name":"wp","href":"https:\/\/api.w.org\/{rel}","templated":true}]}}