{"id":127858,"date":"2020-02-28T20:41:50","date_gmt":"2020-02-28T19:41:50","guid":{"rendered":"https:\/\/ccbierzo.com\/institucion\/funcions-reservadas\/"},"modified":"2020-03-05T13:05:42","modified_gmt":"2020-03-05T12:05:42","slug":"funcions-reservadas","status":"publish","type":"page","link":"https:\/\/ccbierzo.com\/gl\/institucion\/funcions-reservadas\/","title":{"rendered":"Funci\u00f3ns Reservadas"},"content":{"rendered":"<p>[et_pb_section fb_built=&#8221;1&#8243; admin_label=&#8221;CTA&#8221; _builder_version=&#8221;4.3.4&#8243; background_color=&#8221;#dddddd&#8221; parallax=&#8221;on&#8221; custom_margin=&#8221;0px|0px|0px|0px&#8221; custom_padding=&#8221;0px|0px|0px|0px&#8221; top_divider_style=&#8221;wave2&#8243; top_divider_color=&#8221;#ffffff&#8221; top_divider_flip=&#8221;horizontal&#8221; top_divider_arrangement=&#8221;above_content&#8221; top_divider_height_tablet=&#8221;60px&#8221; top_divider_height_phone=&#8221;40px&#8221; top_divider_height_last_edited=&#8221;on|phone&#8221; bottom_divider_style=&#8221;wave2&#8243; bottom_divider_color=&#8221;#999999&#8243; bottom_divider_flip=&#8221;horizontal&#8221; bottom_divider_arrangement=&#8221;above_content&#8221; bottom_divider_height_tablet=&#8221;60px&#8221; bottom_divider_height_phone=&#8221;40px&#8221; bottom_divider_height_last_edited=&#8221;on|phone&#8221; box_shadow_style=&#8221;preset3&#8243; box_shadow_vertical=&#8221;80px&#8221; box_shadow_blur=&#8221;74px&#8221; box_shadow_spread=&#8221;-11px&#8221; box_shadow_color=&#8221;rgba(0,0,0,0.57)&#8221; box_shadow_position=&#8221;inner&#8221; saved_tabs=&#8221;all&#8221;][et_pb_row use_custom_gutter=&#8221;on&#8221; gutter_width=&#8221;1&#8243; custom_padding_last_edited=&#8221;on|phone&#8221; module_class=&#8221; et_pb_row_fullwidth&#8221; _builder_version=&#8221;3.25&#8243; use_background_color_gradient=&#8221;on&#8221; background_color_gradient_start=&#8221;#f4f4f4&#8243; background_color_gradient_end=&#8221;rgba(244,244,244,0)&#8221; background_color_gradient_end_position=&#8221;22%&#8221; background_image=&#8221;https:\/\/ccbierzo.com\/wp-content\/uploads\/2018\/03\/consejo-comarcal-in-1.jpg&#8221; width=&#8221;100%&#8221; width_tablet=&#8221;100%&#8221; width_last_edited=&#8221;on|desktop&#8221; max_width=&#8221;100%&#8221; max_width_tablet=&#8221;100%&#8221; max_width_last_edited=&#8221;on|desktop&#8221; module_alignment=&#8221;center&#8221; custom_margin=&#8221;0px|0px|0px|0px&#8221; custom_padding=&#8221;250px|0px|250px|0px&#8221; custom_padding_tablet=&#8221;0px|||&#8221; custom_padding_phone=&#8221;&#8221; make_fullwidth=&#8221;on&#8221;][et_pb_column type=&#8221;4_4&#8243; _builder_version=&#8221;3.25&#8243; custom_padding=&#8221;|||&#8221; custom_padding__hover=&#8221;|||&#8221;][\/et_pb_column][\/et_pb_row][\/et_pb_section][et_pb_section fb_built=&#8221;1&#8243; custom_padding_last_edited=&#8221;on|phone&#8221; _builder_version=&#8221;3.22&#8243; background_color=&#8221;#999999&#8243; custom_margin=&#8221;0px|0px|0px|0px&#8221; custom_padding=&#8221;50px|0px|100px|0px|false|false&#8221; custom_padding_tablet=&#8221;||70px|&#8221; custom_padding_phone=&#8221;||40px|&#8221; top_divider_color=&#8221;#ffffff&#8221; top_divider_height_tablet=&#8221;&#8221; top_divider_height_phone=&#8221;50px&#8221; top_divider_height_last_edited=&#8221;on|phone&#8221; bottom_divider_style=&#8221;wave2&#8243; bottom_divider_color=&#8221;#ffffff&#8221; bottom_divider_arrangement=&#8221;above_content&#8221; bottom_divider_height_tablet=&#8221;60px&#8221; bottom_divider_height_phone=&#8221;30px&#8221; bottom_divider_height_last_edited=&#8221;on|phone&#8221; saved_tabs=&#8221;all&#8221;][et_pb_row make_equal=&#8221;on&#8221; _builder_version=&#8221;3.25&#8243; max_width=&#8221;80%&#8221; use_custom_width=&#8221;on&#8221; width_unit=&#8221;off&#8221;][et_pb_column type=&#8221;4_4&#8243; _builder_version=&#8221;3.25&#8243; custom_padding=&#8221;|||&#8221; custom_padding__hover=&#8221;|||&#8221;][et_pb_text admin_label=&#8221;Funciones reservadas&#8221; _builder_version=&#8221;3.27.4&#8243; text_font=&#8221;Open Sans|300||on|||||&#8221; text_text_color=&#8221;#ffffff&#8221; text_font_size=&#8221;36px&#8221; text_letter_spacing=&#8221;14px&#8221; header_font=&#8221;|||on|||||&#8221; header_text_align=&#8221;center&#8221; header_font_size=&#8221;35px&#8221; header_letter_spacing=&#8221;10px&#8221; header_line_height=&#8221;1.5em&#8221; text_orientation=&#8221;center&#8221; background_layout=&#8221;dark&#8221; text_font_size_tablet=&#8221;30px&#8221; text_font_size_phone=&#8221;24px&#8221; text_font_size_last_edited=&#8221;on|phone&#8221; text_letter_spacing_tablet=&#8221;&#8221; text_letter_spacing_phone=&#8221;&#8221; text_letter_spacing_last_edited=&#8221;on|desktop&#8221; header_font_size_tablet=&#8221;30px&#8221; header_font_size_phone=&#8221;32px&#8221; header_font_size_last_edited=&#8221;on|phone&#8221; header_letter_spacing_tablet=&#8221;&#8221; header_letter_spacing_phone=&#8221;8px&#8221; header_letter_spacing_last_edited=&#8221;on|tablet&#8221; header_line_height_tablet=&#8221;&#8221; header_line_height_phone=&#8221;&#8221; header_line_height_last_edited=&#8221;on|phone&#8221;]<\/p>\n<h1>FUNCI\u00d3NS RESERVADAS<\/h1>\n<p>[\/et_pb_text][\/et_pb_column][\/et_pb_row][\/et_pb_section][et_pb_section fb_built=&#8221;1&#8243; admin_label=&#8221;presidencia&#8221; _builder_version=&#8221;3.22&#8243; custom_padding=&#8221;100px|0px|100px|0px|false|false&#8221; top_divider_height_tablet=&#8221;60px&#8221; top_divider_height_phone=&#8221;40px&#8221; top_divider_height_last_edited=&#8221;on|phone&#8221; bottom_divider_style=&#8221;wave2&#8243; bottom_divider_color=&#8221;#222222&#8243; bottom_divider_height_tablet=&#8221;60px&#8221; bottom_divider_height_phone=&#8221;40px&#8221; bottom_divider_height_last_edited=&#8221;on|desktop&#8221;][et_pb_row _builder_version=&#8221;3.25&#8243; parallax=&#8221;on&#8221; max_width=&#8221;80%&#8221; custom_padding=&#8221;7px|0px|50px|0px|false|false&#8221; use_custom_width=&#8221;on&#8221; width_unit=&#8221;off&#8221;][et_pb_column type=&#8221;4_4&#8243; _builder_version=&#8221;3.25&#8243; custom_padding=&#8221;|||&#8221; custom_padding__hover=&#8221;|||&#8221;][et_pb_text _builder_version=&#8221;3.27.4&#8243; text_font=&#8221;Open Sans|300|||||||&#8221; text_font_size=&#8221;24px&#8221; text_line_height=&#8221;1.4em&#8221; text_orientation=&#8221;center&#8221; custom_padding=&#8221;0px||0px|&#8221; text_font_size_tablet=&#8221;&#8221; text_font_size_phone=&#8221;20px&#8221; text_font_size_last_edited=&#8221;on|desktop&#8221;]As funci\u00f3ns p\u00fablicas de <strong>Secretar\u00eda<\/strong>, comprensi\u00f3n da fe p\u00fablica e o asesoramento legal preceptivo, funci\u00f3ns de <strong>control e fiscalizaci\u00f3n interna da xesti\u00f3n econ\u00f3mico-financeira e presupostaria, e de contabilidade, tesourer\u00eda e recadaci\u00f3n<\/strong> son funci\u00f3ns necesarias en todas as corporaci\u00f3ns locais.[\/et_pb_text][et_pb_divider color=&#8221;#e02b20&#8243; divider_position=&#8221;center&#8221; divider_weight=&#8221;3px&#8221; _builder_version=&#8221;3.5.1&#8243; max_width=&#8221;150px&#8221; module_alignment=&#8221;center&#8221;][\/et_pb_divider][et_pb_text _builder_version=&#8221;3.27.4&#8243; text_font=&#8221;Open Sans||||||||&#8221; text_font_size=&#8221;16px&#8221; text_line_height=&#8221;1.9em&#8221; text_orientation=&#8221;center&#8221; custom_padding=&#8221;|||&#8221;] Est\u00e1n reservadas a funcionarios de Administraci\u00f3n local con habilitaci\u00f3n de car\u00e1cter nacional (Real decreto 128\/2018, do 16 de marzo, polo que se regula o r\u00e9xime xur\u00eddico dos funcionarios de Administraci\u00f3n local con habilitaci\u00f3n de car\u00e1cter nacional(BOE n.\u00ba 67, do 17 de marzo, de 2018).<br \/>Esas funci\u00f3ns real\u00edzanas os servizos de Secretar\u00eda, Intervenci\u00f3n e Tesourer\u00eda, baixo a direcci\u00f3n do secretario, o interventor e a tesoureira do Consello Comarcal de O Bierzo, funcionarios responsables destas.<br \/>\n[\/et_pb_text][\/et_pb_column][\/et_pb_row][\/et_pb_section]<\/p>\n","protected":false},"excerpt":{"rendered":"<p>FUNCI\u00d3NS RESERVADAS As funci\u00f3ns p\u00fablicas de Secretar\u00eda, comprensi\u00f3n da fe p\u00fablica e o asesoramento legal preceptivo, funci\u00f3ns de control e fiscalizaci\u00f3n interna da xesti\u00f3n econ\u00f3mico-financeira e presupostaria, e de contabilidade, tesourer\u00eda e recadaci\u00f3n son funci\u00f3ns necesarias en todas as corporaci\u00f3ns locais. Est\u00e1n reservadas a funcionarios de Administraci\u00f3n local con habilitaci\u00f3n de car\u00e1cter nacional (Real decreto [&hellip;]<\/p>\n","protected":false},"author":1,"featured_media":0,"parent":127846,"menu_order":8,"comment_status":"closed","ping_status":"closed","template":"","meta":{"_et_pb_use_builder":"on","_et_pb_old_content":"","_et_gb_content_width":"","footnotes":""},"class_list":["post-127858","page","type-page","status-publish","hentry"],"yoast_head":"<!-- This site is optimized with the Yoast SEO plugin v27.6 - https:\/\/yoast.com\/product\/yoast-seo-wordpress\/ -->\n<title>Funci\u00f3ns Reservadas - Consejo Comarcal del Bierzo<\/title>\n<meta name=\"robots\" content=\"index, follow, max-snippet:-1, max-image-preview:large, max-video-preview:-1\" \/>\n<link rel=\"canonical\" href=\"https:\/\/ccbierzo.com\/institucion\/funciones-reservadas\/\" \/>\n<meta property=\"og:locale\" content=\"gl_ES\" \/>\n<meta property=\"og:type\" content=\"article\" \/>\n<meta property=\"og:title\" content=\"Funci\u00f3ns Reservadas - Consejo Comarcal del Bierzo\" \/>\n<meta property=\"og:description\" content=\"FUNCI\u00d3NS RESERVADAS As funci\u00f3ns p\u00fablicas de Secretar\u00eda, comprensi\u00f3n da fe p\u00fablica e o asesoramento legal preceptivo, funci\u00f3ns de control e fiscalizaci\u00f3n interna da xesti\u00f3n econ\u00f3mico-financeira e presupostaria, e de contabilidade, tesourer\u00eda e recadaci\u00f3n son funci\u00f3ns necesarias en todas as corporaci\u00f3ns locais. Est\u00e1n reservadas a funcionarios de Administraci\u00f3n local con habilitaci\u00f3n de car\u00e1cter nacional (Real decreto [&hellip;]\" \/>\n<meta property=\"og:url\" content=\"https:\/\/ccbierzo.com\/institucion\/funciones-reservadas\/\" \/>\n<meta property=\"og:site_name\" content=\"Consejo Comarcal del Bierzo\" \/>\n<meta property=\"article:modified_time\" content=\"2020-03-05T12:05:42+00:00\" \/>\n<meta name=\"twitter:card\" content=\"summary_large_image\" \/>\n<meta name=\"twitter:label1\" content=\"Tempo de lectura\" \/>\n\t<meta name=\"twitter:data1\" content=\"4 minutos\" \/>\n<script type=\"application\/ld+json\" class=\"yoast-schema-graph\">{\"@context\":\"https:\\\/\\\/schema.org\",\"@graph\":[{\"@type\":\"WebPage\",\"@id\":\"https:\\\/\\\/ccbierzo.com\\\/institucion\\\/funciones-reservadas\\\/\",\"url\":\"https:\\\/\\\/ccbierzo.com\\\/institucion\\\/funciones-reservadas\\\/\",\"name\":\"Funci\u00f3ns Reservadas - Consejo Comarcal del Bierzo\",\"isPartOf\":{\"@id\":\"https:\\\/\\\/ccbierzo.com\\\/gl\\\/#website\"},\"datePublished\":\"2020-02-28T19:41:50+00:00\",\"dateModified\":\"2020-03-05T12:05:42+00:00\",\"breadcrumb\":{\"@id\":\"https:\\\/\\\/ccbierzo.com\\\/institucion\\\/funciones-reservadas\\\/#breadcrumb\"},\"inLanguage\":\"gl-ES\",\"potentialAction\":[{\"@type\":\"ReadAction\",\"target\":[\"https:\\\/\\\/ccbierzo.com\\\/institucion\\\/funciones-reservadas\\\/\"]}]},{\"@type\":\"BreadcrumbList\",\"@id\":\"https:\\\/\\\/ccbierzo.com\\\/institucion\\\/funciones-reservadas\\\/#breadcrumb\",\"itemListElement\":[{\"@type\":\"ListItem\",\"position\":1,\"name\":\"Portada\",\"item\":\"https:\\\/\\\/ccbierzo.com\\\/gl\\\/\"},{\"@type\":\"ListItem\",\"position\":2,\"name\":\"Instituci\u00f3n\",\"item\":\"https:\\\/\\\/ccbierzo.com\\\/institucion\\\/\"},{\"@type\":\"ListItem\",\"position\":3,\"name\":\"Funci\u00f3ns Reservadas\"}]},{\"@type\":\"WebSite\",\"@id\":\"https:\\\/\\\/ccbierzo.com\\\/gl\\\/#website\",\"url\":\"https:\\\/\\\/ccbierzo.com\\\/gl\\\/\",\"name\":\"Consejo Comarcal del Bierzo\",\"description\":\"P\u00e1gina Oficial del Consejo Comarcal del Bierzo\",\"potentialAction\":[{\"@type\":\"SearchAction\",\"target\":{\"@type\":\"EntryPoint\",\"urlTemplate\":\"https:\\\/\\\/ccbierzo.com\\\/gl\\\/?s={search_term_string}\"},\"query-input\":{\"@type\":\"PropertyValueSpecification\",\"valueRequired\":true,\"valueName\":\"search_term_string\"}}],\"inLanguage\":\"gl-ES\"}]}<\/script>\n<!-- \/ Yoast SEO plugin. -->","yoast_head_json":{"title":"Funci\u00f3ns Reservadas - Consejo Comarcal del Bierzo","robots":{"index":"index","follow":"follow","max-snippet":"max-snippet:-1","max-image-preview":"max-image-preview:large","max-video-preview":"max-video-preview:-1"},"canonical":"https:\/\/ccbierzo.com\/institucion\/funciones-reservadas\/","og_locale":"gl_ES","og_type":"article","og_title":"Funci\u00f3ns Reservadas - Consejo Comarcal del Bierzo","og_description":"FUNCI\u00d3NS RESERVADAS As funci\u00f3ns p\u00fablicas de Secretar\u00eda, comprensi\u00f3n da fe p\u00fablica e o asesoramento legal preceptivo, funci\u00f3ns de control e fiscalizaci\u00f3n interna da xesti\u00f3n econ\u00f3mico-financeira e presupostaria, e de contabilidade, tesourer\u00eda e recadaci\u00f3n son funci\u00f3ns necesarias en todas as corporaci\u00f3ns locais. Est\u00e1n reservadas a funcionarios de Administraci\u00f3n local con habilitaci\u00f3n de car\u00e1cter nacional (Real decreto [&hellip;]","og_url":"https:\/\/ccbierzo.com\/institucion\/funciones-reservadas\/","og_site_name":"Consejo Comarcal del Bierzo","article_modified_time":"2020-03-05T12:05:42+00:00","twitter_card":"summary_large_image","twitter_misc":{"Tempo de lectura":"4 minutos"},"schema":{"@context":"https:\/\/schema.org","@graph":[{"@type":"WebPage","@id":"https:\/\/ccbierzo.com\/institucion\/funciones-reservadas\/","url":"https:\/\/ccbierzo.com\/institucion\/funciones-reservadas\/","name":"Funci\u00f3ns Reservadas - Consejo Comarcal del Bierzo","isPartOf":{"@id":"https:\/\/ccbierzo.com\/gl\/#website"},"datePublished":"2020-02-28T19:41:50+00:00","dateModified":"2020-03-05T12:05:42+00:00","breadcrumb":{"@id":"https:\/\/ccbierzo.com\/institucion\/funciones-reservadas\/#breadcrumb"},"inLanguage":"gl-ES","potentialAction":[{"@type":"ReadAction","target":["https:\/\/ccbierzo.com\/institucion\/funciones-reservadas\/"]}]},{"@type":"BreadcrumbList","@id":"https:\/\/ccbierzo.com\/institucion\/funciones-reservadas\/#breadcrumb","itemListElement":[{"@type":"ListItem","position":1,"name":"Portada","item":"https:\/\/ccbierzo.com\/gl\/"},{"@type":"ListItem","position":2,"name":"Instituci\u00f3n","item":"https:\/\/ccbierzo.com\/institucion\/"},{"@type":"ListItem","position":3,"name":"Funci\u00f3ns Reservadas"}]},{"@type":"WebSite","@id":"https:\/\/ccbierzo.com\/gl\/#website","url":"https:\/\/ccbierzo.com\/gl\/","name":"Consejo Comarcal del Bierzo","description":"P\u00e1gina Oficial del Consejo Comarcal del Bierzo","potentialAction":[{"@type":"SearchAction","target":{"@type":"EntryPoint","urlTemplate":"https:\/\/ccbierzo.com\/gl\/?s={search_term_string}"},"query-input":{"@type":"PropertyValueSpecification","valueRequired":true,"valueName":"search_term_string"}}],"inLanguage":"gl-ES"}]}},"_links":{"self":[{"href":"https:\/\/ccbierzo.com\/gl\/wp-json\/wp\/v2\/pages\/127858","targetHints":{"allow":["GET"]}}],"collection":[{"href":"https:\/\/ccbierzo.com\/gl\/wp-json\/wp\/v2\/pages"}],"about":[{"href":"https:\/\/ccbierzo.com\/gl\/wp-json\/wp\/v2\/types\/page"}],"author":[{"embeddable":true,"href":"https:\/\/ccbierzo.com\/gl\/wp-json\/wp\/v2\/users\/1"}],"replies":[{"embeddable":true,"href":"https:\/\/ccbierzo.com\/gl\/wp-json\/wp\/v2\/comments?post=127858"}],"version-history":[{"count":0,"href":"https:\/\/ccbierzo.com\/gl\/wp-json\/wp\/v2\/pages\/127858\/revisions"}],"up":[{"embeddable":true,"href":"https:\/\/ccbierzo.com\/gl\/wp-json\/wp\/v2\/pages\/127846"}],"wp:attachment":[{"href":"https:\/\/ccbierzo.com\/gl\/wp-json\/wp\/v2\/media?parent=127858"}],"curies":[{"name":"wp","href":"https:\/\/api.w.org\/{rel}","templated":true}]}}