{"id":127849,"date":"2020-02-28T18:15:40","date_gmt":"2020-02-28T17:15:40","guid":{"rendered":"https:\/\/ccbierzo.com\/institucion\/presidencia\/"},"modified":"2020-12-19T18:53:15","modified_gmt":"2020-12-19T17:53:15","slug":"presidencia","status":"publish","type":"page","link":"https:\/\/ccbierzo.com\/gl\/institucion\/presidencia\/","title":{"rendered":"Presidencia"},"content":{"rendered":"<p>[et_pb_section fb_built=&#8221;1&#8243; admin_label=&#8221;CTA&#8221; _builder_version=&#8221;4.3.4&#8243; background_color=&#8221;#dddddd&#8221; parallax=&#8221;on&#8221; custom_margin=&#8221;0px|0px|0px|0px&#8221; custom_padding=&#8221;0px|0px|0px|0px&#8221; top_divider_style=&#8221;wave2&#8243; top_divider_color=&#8221;#ffffff&#8221; top_divider_flip=&#8221;horizontal&#8221; top_divider_arrangement=&#8221;above_content&#8221; top_divider_height_tablet=&#8221;60px&#8221; top_divider_height_phone=&#8221;40px&#8221; top_divider_height_last_edited=&#8221;on|desktop&#8221; bottom_divider_style=&#8221;wave2&#8243; bottom_divider_color=&#8221;#999999&#8243; bottom_divider_flip=&#8221;horizontal&#8221; bottom_divider_arrangement=&#8221;above_content&#8221; bottom_divider_height_tablet=&#8221;60px&#8221; bottom_divider_height_phone=&#8221;40px&#8221; bottom_divider_height_last_edited=&#8221;on|phone&#8221; box_shadow_style=&#8221;preset3&#8243; box_shadow_vertical=&#8221;80px&#8221; box_shadow_blur=&#8221;74px&#8221; box_shadow_spread=&#8221;-11px&#8221; box_shadow_color=&#8221;rgba(0,0,0,0.57)&#8221; box_shadow_position=&#8221;inner&#8221; saved_tabs=&#8221;all&#8221;][et_pb_row use_custom_gutter=&#8221;on&#8221; gutter_width=&#8221;1&#8243; custom_padding_last_edited=&#8221;on|phone&#8221; module_class=&#8221; et_pb_row_fullwidth&#8221; _builder_version=&#8221;3.25&#8243; use_background_color_gradient=&#8221;on&#8221; background_color_gradient_start=&#8221;#f4f4f4&#8243; background_color_gradient_end=&#8221;rgba(244,244,244,0)&#8221; background_color_gradient_end_position=&#8221;22%&#8221; background_image=&#8221;https:\/\/ccbierzo.com\/wp-content\/uploads\/2018\/05\/hero-head-ccbierzo.jpg&#8221; width=&#8221;100%&#8221; width_tablet=&#8221;100%&#8221; width_phone=&#8221;&#8221; width_last_edited=&#8221;on|desktop&#8221; max_width=&#8221;100%&#8221; max_width_tablet=&#8221;100%&#8221; max_width_phone=&#8221;&#8221; max_width_last_edited=&#8221;on|desktop&#8221; module_alignment=&#8221;center&#8221; custom_margin=&#8221;0px|0px|0px|0px&#8221; custom_padding=&#8221;250px|0px|250px|0px&#8221; custom_padding_tablet=&#8221;0px|||&#8221; custom_padding_phone=&#8221;&#8221; make_fullwidth=&#8221;on&#8221;][et_pb_column type=&#8221;4_4&#8243; _builder_version=&#8221;3.25&#8243; custom_padding=&#8221;|||&#8221; custom_padding__hover=&#8221;|||&#8221;][\/et_pb_column][\/et_pb_row][\/et_pb_section][et_pb_section fb_built=&#8221;1&#8243; custom_padding_last_edited=&#8221;on|phone&#8221; _builder_version=&#8221;3.22&#8243; background_color=&#8221;#999999&#8243; custom_margin=&#8221;0px|0px|0px|0px&#8221; custom_padding=&#8221;50px|0px|100px|0px|false|false&#8221; custom_padding_tablet=&#8221;||70px|&#8221; custom_padding_phone=&#8221;||40px|&#8221; top_divider_color=&#8221;#ffffff&#8221; top_divider_height_tablet=&#8221;&#8221; top_divider_height_phone=&#8221;50px&#8221; top_divider_height_last_edited=&#8221;on|phone&#8221; bottom_divider_style=&#8221;wave2&#8243; bottom_divider_color=&#8221;#ffffff&#8221; bottom_divider_arrangement=&#8221;above_content&#8221; bottom_divider_height_tablet=&#8221;60px&#8221; bottom_divider_height_phone=&#8221;30px&#8221; bottom_divider_height_last_edited=&#8221;on|phone&#8221; saved_tabs=&#8221;all&#8221;][et_pb_row make_equal=&#8221;on&#8221; _builder_version=&#8221;3.25&#8243; max_width=&#8221;80%&#8221; use_custom_width=&#8221;on&#8221; width_unit=&#8221;off&#8221;][et_pb_column type=&#8221;4_4&#8243; _builder_version=&#8221;3.25&#8243; custom_padding=&#8221;|||&#8221; custom_padding__hover=&#8221;|||&#8221;][et_pb_text admin_label=&#8221;Presidencia&#8221; _builder_version=&#8221;3.27.4&#8243; text_font=&#8221;Open Sans|300||on|||||&#8221; text_text_color=&#8221;#ffffff&#8221; text_font_size=&#8221;36px&#8221; text_letter_spacing=&#8221;14px&#8221; header_font=&#8221;|||on|||||&#8221; header_text_align=&#8221;center&#8221; header_font_size=&#8221;35px&#8221; header_letter_spacing=&#8221;10px&#8221; header_line_height=&#8221;1.5em&#8221; text_orientation=&#8221;center&#8221; background_layout=&#8221;dark&#8221; text_font_size_tablet=&#8221;30px&#8221; text_font_size_phone=&#8221;24px&#8221; text_font_size_last_edited=&#8221;on|phone&#8221; text_letter_spacing_tablet=&#8221;&#8221; text_letter_spacing_phone=&#8221;&#8221; text_letter_spacing_last_edited=&#8221;on|desktop&#8221; header_font_size_tablet=&#8221;30px&#8221; header_font_size_phone=&#8221;32px&#8221; header_font_size_last_edited=&#8221;on|phone&#8221; header_letter_spacing_tablet=&#8221;&#8221; header_letter_spacing_phone=&#8221;8px&#8221; header_letter_spacing_last_edited=&#8221;on|tablet&#8221; header_line_height_tablet=&#8221;&#8221; header_line_height_phone=&#8221;&#8221; header_line_height_last_edited=&#8221;on|phone&#8221;]<\/p>\n<h1>PRESIDENCIA<\/h1>\n<p>[\/et_pb_text][\/et_pb_column][\/et_pb_row][\/et_pb_section][et_pb_section fb_built=&#8221;1&#8243; admin_label=&#8221;presidencia&#8221; _builder_version=&#8221;3.22&#8243; custom_padding=&#8221;100px|0px|100px|0px|false|false&#8221; top_divider_height_tablet=&#8221;60px&#8221; top_divider_height_phone=&#8221;40px&#8221; top_divider_height_last_edited=&#8221;on|phone&#8221; bottom_divider_style=&#8221;wave2&#8243; bottom_divider_color=&#8221;#222222&#8243; bottom_divider_height_tablet=&#8221;60px&#8221; bottom_divider_height_phone=&#8221;40px&#8221; bottom_divider_height_last_edited=&#8221;on|phone&#8221;][et_pb_row column_structure=&#8221;1_2,1_2&#8243; _builder_version=&#8221;3.25&#8243; parallax=&#8221;on&#8221; max_width=&#8221;80%&#8221; custom_padding=&#8221;50px|0px|0px|0px&#8221; use_custom_width=&#8221;on&#8221; width_unit=&#8221;off&#8221;][et_pb_column type=&#8221;1_2&#8243; _builder_version=&#8221;3.25&#8243; custom_padding=&#8221;|||&#8221; custom_padding__hover=&#8221;|||&#8221;][et_pb_image src=&#8221;https:\/\/ccbierzo.com\/wp-content\/uploads\/2020\/12\/gerardo-alvarez-couriel-presidente-01.jpg&#8221; align=&#8221;center&#8221; align_tablet=&#8221;center&#8221; align_phone=&#8221;&#8221; align_last_edited=&#8221;on|desktop&#8221; admin_label=&#8221;Imagen presidente&#8221; _builder_version=&#8221;4.7.7&#8243; custom_margin=&#8221;0px|0px|0px|0px&#8221; custom_padding=&#8221;0px|0px|0px|0px&#8221; hover_enabled=&#8221;0&#8243; border_radii=&#8221;on|10px|10px|10px|10px&#8221; border_width_all=&#8221;1px&#8221; border_color_all=&#8221;#ffffff&#8221; box_shadow_style=&#8221;preset3&#8243; title_text=&#8221;gerardo-alvarez-couriel-presidente-01&#8243; sticky_enabled=&#8221;0&#8243;][\/et_pb_image][\/et_pb_column][et_pb_column type=&#8221;1_2&#8243; _builder_version=&#8221;3.25&#8243; custom_padding=&#8221;|||&#8221; custom_padding__hover=&#8221;|||&#8221;][et_pb_text admin_label=&#8221;Saludo del presidente&#8221; _builder_version=&#8221;3.27.4&#8243; text_font=&#8221;Open Sans|300|||||||&#8221; text_text_color=&#8221;#1a1a1a&#8221; text_font_size=&#8221;24px&#8221; text_line_height=&#8221;1.4em&#8221; text_orientation=&#8221;center&#8221; text_font_size_tablet=&#8221;&#8221; text_font_size_phone=&#8221;20px&#8221; text_font_size_last_edited=&#8221;on|phone&#8221;]<\/p>\n<p style=\"text-align: left;\">Sa\u00fado de benvida do presidente do Consello Comarcal de O Bierzo<\/p>\n<p>[\/et_pb_text][et_pb_text _builder_version=&#8221;3.27.4&#8243; text_font=&#8221;||||||||&#8221; custom_padding=&#8221;||50px|&#8221;]<\/p>\n<blockquote>\n<p><span style=\"font-size: 16px;\">Como presidente do Consello Comarcal de O Bierzo, quero darlles a benvida a este espazo, onde poder\u00e1n consultar os servizos que esta instituci\u00f3n lle presta \u00e1 cidadan\u00eda berciana e aos seus 38 municipios. Estes servizos comprenden un amplo abano de \u00e1mbitos: asuntos sociais eambientais, asistencia a concellos e xuntas veci\u00f1ais e promoci\u00f3n tur\u00edstica, entre outros. Todos eles constit\u00faen asuntosde grande importancia para a nosa comarca e, polo tanto, na lexislatura que agora comeza, tentaremos melloralos e amplialos tanto o equipo de goberno do Consello como as restantes forzas pol\u00edticas que o compo\u00f1en.<\/span><\/p>\n<\/blockquote>\n<p>A comarca de O Bierzo cr\u00e9ase e reg\u00falase na Lei 1\/1991, do 14 de marzo de 1991. \u00c9 a \u00fanica comarca reco\u00f1ecida como tal despois da aprobaci\u00f3n do Estatuto de autonom\u00eda de Castela e Le\u00f3n en 1983 e, desde ent\u00f3n, o Consello Comarcal foi a instituci\u00f3n que representa a identidade berciana, ese sentimento que une a quen nacemos nesta terra, e que contaxia a quen nos visita e a quen, sen nacer en O Bierzo, vive aqu\u00ed. A nosa comarca atesoura historia, tradici\u00f3ns e caracter\u00edsticas xeogr\u00e1ficas, econ\u00f3micas e sociais que a fan singular e que lle fixeron ser valedora de posu\u00edr personalidade administrativa propia.<\/p>\n<p>Na mi\u00f1a man, e no de toda a corporaci\u00f3n que te\u00f1o a grande honra de presidir, est\u00e1 lograr que todos os bercianos e bercianas aprecien e valoren a importancia deste feito e sexan co\u00f1ecedores dos servizos tan importantes que presta a entidade.<\/p>\n<p>Esta p\u00e1xina web ofrece a actualidade pol\u00edtica e administrativa do Consello Comarcal, achega ferramentas novas para os usuarios e usuarias e tam\u00e9n ligaz\u00f3ns a varios portais espec\u00edficos de Turismo e ao do Banco de Terras de O Bierzo, que animo a visitar con detemento.<\/p>\n<p>Doulles a benvida a este espazo virtual e desexo que cumpra todas as s\u00faas necesidades de informaci\u00f3n. N\u00f3s traballamos d\u00eda a d\u00eda para tratar de cumprir ese obxectivo.<\/p>\n<p>&nbsp;<\/p>\n<p style=\"text-align: right;\"><em><strong>Gerardo \u00c1lvarez Courel<\/strong><\/em><br \/> <em>Presidente do Consello Comarcal de O Bierzo<\/em><\/p>\n<p>[\/et_pb_text][\/et_pb_column][\/et_pb_row][\/et_pb_section]<\/p>\n","protected":false},"excerpt":{"rendered":"<p>PRESIDENCIA Sa\u00fado de benvida do presidente do Consello Comarcal de O Bierzo Como presidente do Consello Comarcal de O Bierzo, quero darlles a benvida a este espazo, onde poder\u00e1n consultar os servizos que esta instituci\u00f3n lle presta \u00e1 cidadan\u00eda berciana e aos seus 38 municipios. Estes servizos comprenden un amplo abano de \u00e1mbitos: asuntos sociais [&hellip;]<\/p>\n","protected":false},"author":1,"featured_media":0,"parent":127846,"menu_order":1,"comment_status":"closed","ping_status":"closed","template":"","meta":{"_et_pb_use_builder":"on","_et_pb_old_content":"","_et_gb_content_width":"","footnotes":""},"class_list":["post-127849","page","type-page","status-publish","hentry"],"yoast_head":"<!-- This site is optimized with the Yoast SEO plugin v27.3 - https:\/\/yoast.com\/product\/yoast-seo-wordpress\/ -->\n<title>Presidencia - Consejo Comarcal del Bierzo<\/title>\n<meta name=\"robots\" content=\"index, follow, max-snippet:-1, max-image-preview:large, max-video-preview:-1\" \/>\n<link rel=\"canonical\" href=\"https:\/\/ccbierzo.com\/institucion\/presidencia-original\/\" \/>\n<meta property=\"og:locale\" content=\"gl_ES\" \/>\n<meta property=\"og:type\" content=\"article\" \/>\n<meta property=\"og:title\" content=\"Presidencia - Consejo Comarcal del Bierzo\" \/>\n<meta property=\"og:description\" content=\"PRESIDENCIA Sa\u00fado de benvida do presidente do Consello Comarcal de O Bierzo Como presidente do Consello Comarcal de O Bierzo, quero darlles a benvida a este espazo, onde poder\u00e1n consultar os servizos que esta instituci\u00f3n lle presta \u00e1 cidadan\u00eda berciana e aos seus 38 municipios. Estes servizos comprenden un amplo abano de \u00e1mbitos: asuntos sociais [&hellip;]\" \/>\n<meta property=\"og:url\" content=\"https:\/\/ccbierzo.com\/institucion\/presidencia-original\/\" \/>\n<meta property=\"og:site_name\" content=\"Consejo Comarcal del Bierzo\" \/>\n<meta property=\"article:modified_time\" content=\"2020-12-19T17:53:15+00:00\" \/>\n<meta name=\"twitter:card\" content=\"summary_large_image\" \/>\n<meta name=\"twitter:label1\" content=\"Tempo de lectura\" \/>\n\t<meta name=\"twitter:data1\" content=\"6 minutos\" \/>\n<script type=\"application\/ld+json\" class=\"yoast-schema-graph\">{\"@context\":\"https:\\\/\\\/schema.org\",\"@graph\":[{\"@type\":\"WebPage\",\"@id\":\"https:\\\/\\\/ccbierzo.com\\\/institucion\\\/presidencia-original\\\/\",\"url\":\"https:\\\/\\\/ccbierzo.com\\\/institucion\\\/presidencia-original\\\/\",\"name\":\"Presidencia - Consejo Comarcal del Bierzo\",\"isPartOf\":{\"@id\":\"https:\\\/\\\/ccbierzo.com\\\/gl\\\/#website\"},\"datePublished\":\"2020-02-28T17:15:40+00:00\",\"dateModified\":\"2020-12-19T17:53:15+00:00\",\"breadcrumb\":{\"@id\":\"https:\\\/\\\/ccbierzo.com\\\/institucion\\\/presidencia-original\\\/#breadcrumb\"},\"inLanguage\":\"gl-ES\",\"potentialAction\":[{\"@type\":\"ReadAction\",\"target\":[\"https:\\\/\\\/ccbierzo.com\\\/institucion\\\/presidencia-original\\\/\"]}]},{\"@type\":\"BreadcrumbList\",\"@id\":\"https:\\\/\\\/ccbierzo.com\\\/institucion\\\/presidencia-original\\\/#breadcrumb\",\"itemListElement\":[{\"@type\":\"ListItem\",\"position\":1,\"name\":\"Portada\",\"item\":\"https:\\\/\\\/ccbierzo.com\\\/gl\\\/\"},{\"@type\":\"ListItem\",\"position\":2,\"name\":\"Instituci\u00f3n\",\"item\":\"https:\\\/\\\/ccbierzo.com\\\/institucion\\\/\"},{\"@type\":\"ListItem\",\"position\":3,\"name\":\"Presidencia\"}]},{\"@type\":\"WebSite\",\"@id\":\"https:\\\/\\\/ccbierzo.com\\\/gl\\\/#website\",\"url\":\"https:\\\/\\\/ccbierzo.com\\\/gl\\\/\",\"name\":\"Consejo Comarcal del Bierzo\",\"description\":\"P\u00e1gina Oficial del Consejo Comarcal del Bierzo\",\"potentialAction\":[{\"@type\":\"SearchAction\",\"target\":{\"@type\":\"EntryPoint\",\"urlTemplate\":\"https:\\\/\\\/ccbierzo.com\\\/gl\\\/?s={search_term_string}\"},\"query-input\":{\"@type\":\"PropertyValueSpecification\",\"valueRequired\":true,\"valueName\":\"search_term_string\"}}],\"inLanguage\":\"gl-ES\"}]}<\/script>\n<!-- \/ Yoast SEO plugin. -->","yoast_head_json":{"title":"Presidencia - Consejo Comarcal del Bierzo","robots":{"index":"index","follow":"follow","max-snippet":"max-snippet:-1","max-image-preview":"max-image-preview:large","max-video-preview":"max-video-preview:-1"},"canonical":"https:\/\/ccbierzo.com\/institucion\/presidencia-original\/","og_locale":"gl_ES","og_type":"article","og_title":"Presidencia - Consejo Comarcal del Bierzo","og_description":"PRESIDENCIA Sa\u00fado de benvida do presidente do Consello Comarcal de O Bierzo Como presidente do Consello Comarcal de O Bierzo, quero darlles a benvida a este espazo, onde poder\u00e1n consultar os servizos que esta instituci\u00f3n lle presta \u00e1 cidadan\u00eda berciana e aos seus 38 municipios. Estes servizos comprenden un amplo abano de \u00e1mbitos: asuntos sociais [&hellip;]","og_url":"https:\/\/ccbierzo.com\/institucion\/presidencia-original\/","og_site_name":"Consejo Comarcal del Bierzo","article_modified_time":"2020-12-19T17:53:15+00:00","twitter_card":"summary_large_image","twitter_misc":{"Tempo de lectura":"6 minutos"},"schema":{"@context":"https:\/\/schema.org","@graph":[{"@type":"WebPage","@id":"https:\/\/ccbierzo.com\/institucion\/presidencia-original\/","url":"https:\/\/ccbierzo.com\/institucion\/presidencia-original\/","name":"Presidencia - Consejo Comarcal del Bierzo","isPartOf":{"@id":"https:\/\/ccbierzo.com\/gl\/#website"},"datePublished":"2020-02-28T17:15:40+00:00","dateModified":"2020-12-19T17:53:15+00:00","breadcrumb":{"@id":"https:\/\/ccbierzo.com\/institucion\/presidencia-original\/#breadcrumb"},"inLanguage":"gl-ES","potentialAction":[{"@type":"ReadAction","target":["https:\/\/ccbierzo.com\/institucion\/presidencia-original\/"]}]},{"@type":"BreadcrumbList","@id":"https:\/\/ccbierzo.com\/institucion\/presidencia-original\/#breadcrumb","itemListElement":[{"@type":"ListItem","position":1,"name":"Portada","item":"https:\/\/ccbierzo.com\/gl\/"},{"@type":"ListItem","position":2,"name":"Instituci\u00f3n","item":"https:\/\/ccbierzo.com\/institucion\/"},{"@type":"ListItem","position":3,"name":"Presidencia"}]},{"@type":"WebSite","@id":"https:\/\/ccbierzo.com\/gl\/#website","url":"https:\/\/ccbierzo.com\/gl\/","name":"Consejo Comarcal del Bierzo","description":"P\u00e1gina Oficial del Consejo Comarcal del Bierzo","potentialAction":[{"@type":"SearchAction","target":{"@type":"EntryPoint","urlTemplate":"https:\/\/ccbierzo.com\/gl\/?s={search_term_string}"},"query-input":{"@type":"PropertyValueSpecification","valueRequired":true,"valueName":"search_term_string"}}],"inLanguage":"gl-ES"}]}},"_links":{"self":[{"href":"https:\/\/ccbierzo.com\/gl\/wp-json\/wp\/v2\/pages\/127849","targetHints":{"allow":["GET"]}}],"collection":[{"href":"https:\/\/ccbierzo.com\/gl\/wp-json\/wp\/v2\/pages"}],"about":[{"href":"https:\/\/ccbierzo.com\/gl\/wp-json\/wp\/v2\/types\/page"}],"author":[{"embeddable":true,"href":"https:\/\/ccbierzo.com\/gl\/wp-json\/wp\/v2\/users\/1"}],"replies":[{"embeddable":true,"href":"https:\/\/ccbierzo.com\/gl\/wp-json\/wp\/v2\/comments?post=127849"}],"version-history":[{"count":0,"href":"https:\/\/ccbierzo.com\/gl\/wp-json\/wp\/v2\/pages\/127849\/revisions"}],"up":[{"embeddable":true,"href":"https:\/\/ccbierzo.com\/gl\/wp-json\/wp\/v2\/pages\/127846"}],"wp:attachment":[{"href":"https:\/\/ccbierzo.com\/gl\/wp-json\/wp\/v2\/media?parent=127849"}],"curies":[{"name":"wp","href":"https:\/\/api.w.org\/{rel}","templated":true}]}}